{"id":4276,"date":"2021-11-25T13:19:37","date_gmt":"2021-11-25T19:19:37","guid":{"rendered":"https:\/\/worldconferenceiw.org\/11-mujeres-indigenas-mesoamerica-ing\/"},"modified":"2021-11-25T13:19:38","modified_gmt":"2021-11-25T19:19:38","slug":"11-mujeres-indigenas-mesoamerica-ing","status":"publish","type":"page","link":"https:\/\/worldconferenceiw.org\/en\/11-mujeres-indigenas-mesoamerica-ing\/","title":{"rendered":"11 Mujeres Ind\u00edgenas Mesoam\u00e9rica &#8211; ING"},"content":{"rendered":"\t\t<div data-elementor-type=\"wp-page\" data-elementor-id=\"4276\" class=\"elementor elementor-4276\">\n\t\t\t\t\t\t<section class=\"elementor-section elementor-top-section elementor-element elementor-element-f5af68f elementor-section-content-middle elementor-section-boxed elementor-section-height-default elementor-section-height-default\" data-id=\"f5af68f\" data-element_type=\"section\" data-settings=\"{&quot;background_background&quot;:&quot;classic&quot;}\">\n\t\t\t\t\t\t<div class=\"elementor-container elementor-column-gap-default\">\n\t\t\t\t\t<div class=\"elementor-column elementor-col-50 elementor-top-column elementor-element elementor-element-0d35392\" data-id=\"0d35392\" data-element_type=\"column\">\n\t\t\t<div class=\"elementor-widget-wrap elementor-element-populated\">\n\t\t\t\t\t\t<div class=\"elementor-element elementor-element-839dcef elementor-widget elementor-widget-image\" data-id=\"839dcef\" data-element_type=\"widget\" data-widget_type=\"image.default\">\n\t\t\t\t<div class=\"elementor-widget-container\">\n\t\t\t\t\t\t\t\t\t\t\t\t\t\t\t\t<a href=\"https:\/\/worldconferenceiw.org\/en\/\">\n\t\t\t\t\t\t\t<img decoding=\"async\" width=\"70\" height=\"68\" src=\"https:\/\/worldconferenceiw.org\/wp-content\/uploads\/2021\/06\/logopequeno.png\" class=\"attachment-large size-large wp-image-377\" alt=\"\" \/>\t\t\t\t\t\t\t\t<\/a>\n\t\t\t\t\t\t\t\t\t\t\t\t\t\t\t<\/div>\n\t\t\t\t<\/div>\n\t\t\t\t\t<\/div>\n\t\t<\/div>\n\t\t\t\t<div class=\"elementor-column elementor-col-50 elementor-top-column elementor-element elementor-element-38309b6\" data-id=\"38309b6\" data-element_type=\"column\">\n\t\t\t<div class=\"elementor-widget-wrap elementor-element-populated\">\n\t\t\t\t\t\t<div class=\"elementor-element elementor-element-0f41836 elementor-nav-menu__align-right elementor-nav-menu--stretch elementor-nav-menu__text-align-center elementor-nav-menu--dropdown-tablet elementor-nav-menu--toggle elementor-nav-menu--burger elementor-widget elementor-widget-nav-menu\" data-id=\"0f41836\" data-element_type=\"widget\" data-settings=\"{&quot;full_width&quot;:&quot;stretch&quot;,&quot;layout&quot;:&quot;horizontal&quot;,&quot;submenu_icon&quot;:{&quot;value&quot;:&quot;&lt;i class=\\&quot;fas fa-caret-down\\&quot;&gt;&lt;\\\/i&gt;&quot;,&quot;library&quot;:&quot;fa-solid&quot;},&quot;toggle&quot;:&quot;burger&quot;}\" data-widget_type=\"nav-menu.default\">\n\t\t\t\t<div class=\"elementor-widget-container\">\n\t\t\t\t\t\t\t\t<nav migration_allowed=\"1\" migrated=\"0\" class=\"elementor-nav-menu--main elementor-nav-menu__container elementor-nav-menu--layout-horizontal e--pointer-underline e--animation-fade\">\n\t\t\t\t<ul id=\"menu-1-0f41836\" class=\"elementor-nav-menu\"><li class=\"menu-item menu-item-type-post_type menu-item-object-page menu-item-home menu-item-2298\"><a href=\"https:\/\/worldconferenceiw.org\/en\/\" class=\"elementor-item\">HOME<\/a><\/li>\n<li class=\"menu-item menu-item-type-post_type menu-item-object-page menu-item-2299\"><a href=\"https:\/\/worldconferenceiw.org\/en\/finding-us\/\" class=\"elementor-item\">COMING TOGETHER<\/a><\/li>\n<li class=\"menu-item menu-item-type-post_type menu-item-object-page menu-item-3412\"><a href=\"https:\/\/worldconferenceiw.org\/en\/news\/\" class=\"elementor-item\">NEWS<\/a><\/li>\n<li class=\"menu-item menu-item-type-post_type menu-item-object-page menu-item-3750\"><a href=\"https:\/\/worldconferenceiw.org\/en\/indigenous-fair\/\" class=\"elementor-item\">INDIGENOUS FAIR<\/a><\/li>\n<li class=\"menu-item menu-item-type-post_type menu-item-object-page menu-item-3987\"><a href=\"https:\/\/worldconferenceiw.org\/en\/podcast-2\/\" class=\"elementor-item\">PODCAST<\/a><\/li>\n<li class=\"menu-item menu-item-type-post_type menu-item-object-page menu-item-3315\"><a href=\"https:\/\/worldconferenceiw.org\/en\/agenda\/\" class=\"elementor-item\">AGENDA<\/a><\/li>\n<li class=\"menu-item menu-item-type-custom menu-item-object-custom menu-item-3556\"><a href=\"https:\/\/intranet.worldconferenceiw.org\" class=\"elementor-item\">LOG IN<\/a><\/li>\n<li class=\"menu-item wpml-ls-slot-17 wpml-ls-item wpml-ls-item-en wpml-ls-current-language wpml-ls-menu-item menu-item-type-wpml_ls_menu_item menu-item-object-wpml_ls_menu_item menu-item-has-children menu-item-wpml-ls-17-en\"><a href=\"https:\/\/worldconferenceiw.org\/en\/\" role=\"menuitem\" class=\"elementor-item\"><img decoding=\"async\"\n            class=\"wpml-ls-flag\"\n            src=\"https:\/\/worldconferenceiw.org\/wp-content\/plugins\/sitepress-multilingual-cms\/res\/flags\/en.png\"\n            alt=\"\"\n            \n            \n    \/><span class=\"wpml-ls-native\" lang=\"en\">English<\/span><\/a>\n<ul class=\"sub-menu elementor-nav-menu--dropdown\">\n\t<li class=\"menu-item wpml-ls-slot-17 wpml-ls-item wpml-ls-item-es wpml-ls-menu-item wpml-ls-first-item menu-item-type-wpml_ls_menu_item menu-item-object-wpml_ls_menu_item menu-item-wpml-ls-17-es\"><a href=\"https:\/\/worldconferenceiw.org\/\" title=\"Switch to Espa\u00f1ol\" aria-label=\"Switch to Espa\u00f1ol\" role=\"menuitem\" class=\"elementor-sub-item\"><img decoding=\"async\"\n            class=\"wpml-ls-flag\"\n            src=\"https:\/\/worldconferenceiw.org\/wp-content\/plugins\/sitepress-multilingual-cms\/res\/flags\/es.png\"\n            alt=\"\"\n            \n            \n    \/><span class=\"wpml-ls-native\" lang=\"es\">Espa\u00f1ol<\/span><\/a><\/li>\n\t<li class=\"menu-item wpml-ls-slot-17 wpml-ls-item wpml-ls-item-fr wpml-ls-menu-item menu-item-type-wpml_ls_menu_item menu-item-object-wpml_ls_menu_item menu-item-wpml-ls-17-fr\"><a href=\"https:\/\/worldconferenceiw.org\/fr\/\" title=\"Switch to Fran\u00e7ais\" aria-label=\"Switch to Fran\u00e7ais\" role=\"menuitem\" class=\"elementor-sub-item\"><img decoding=\"async\"\n            class=\"wpml-ls-flag\"\n            src=\"https:\/\/worldconferenceiw.org\/wp-content\/plugins\/sitepress-multilingual-cms\/res\/flags\/fr.png\"\n            alt=\"\"\n            \n            \n    \/><span class=\"wpml-ls-native\" lang=\"fr\">Fran\u00e7ais<\/span><\/a><\/li>\n\t<li class=\"menu-item wpml-ls-slot-17 wpml-ls-item wpml-ls-item-ru wpml-ls-menu-item wpml-ls-last-item menu-item-type-wpml_ls_menu_item menu-item-object-wpml_ls_menu_item menu-item-wpml-ls-17-ru\"><a href=\"https:\/\/worldconferenceiw.org\/ru\/\" title=\"Switch to \u0420\u0443\u0441\u0441\u043a\u0438\u0439\" aria-label=\"Switch to \u0420\u0443\u0441\u0441\u043a\u0438\u0439\" role=\"menuitem\" class=\"elementor-sub-item\"><img decoding=\"async\"\n            class=\"wpml-ls-flag\"\n            src=\"https:\/\/worldconferenceiw.org\/wp-content\/plugins\/sitepress-multilingual-cms\/res\/flags\/ru.png\"\n            alt=\"\"\n            \n            \n    \/><span class=\"wpml-ls-native\" lang=\"ru\">\u0420\u0443\u0441\u0441\u043a\u0438\u0439<\/span><\/a><\/li>\n<\/ul>\n<\/li>\n<\/ul>\t\t\t<\/nav>\n\t\t\t\t\t<div class=\"elementor-menu-toggle\" role=\"button\" tabindex=\"0\" aria-label=\"Menu Toggle\" aria-expanded=\"false\">\n\t\t\t<i aria-hidden=\"true\" role=\"presentation\" class=\"elementor-menu-toggle__icon--open eicon-menu-bar\"><\/i><i aria-hidden=\"true\" role=\"presentation\" class=\"elementor-menu-toggle__icon--close eicon-close\"><\/i>\t\t\t<span class=\"elementor-screen-only\">Menu<\/span>\n\t\t<\/div>\n\t\t\t<nav class=\"elementor-nav-menu--dropdown elementor-nav-menu__container\" aria-hidden=\"true\">\n\t\t\t\t<ul id=\"menu-2-0f41836\" class=\"elementor-nav-menu\"><li class=\"menu-item menu-item-type-post_type menu-item-object-page menu-item-home menu-item-2298\"><a href=\"https:\/\/worldconferenceiw.org\/en\/\" class=\"elementor-item\" tabindex=\"-1\">HOME<\/a><\/li>\n<li class=\"menu-item menu-item-type-post_type menu-item-object-page menu-item-2299\"><a href=\"https:\/\/worldconferenceiw.org\/en\/finding-us\/\" class=\"elementor-item\" tabindex=\"-1\">COMING TOGETHER<\/a><\/li>\n<li class=\"menu-item menu-item-type-post_type menu-item-object-page menu-item-3412\"><a href=\"https:\/\/worldconferenceiw.org\/en\/news\/\" class=\"elementor-item\" tabindex=\"-1\">NEWS<\/a><\/li>\n<li class=\"menu-item menu-item-type-post_type menu-item-object-page menu-item-3750\"><a href=\"https:\/\/worldconferenceiw.org\/en\/indigenous-fair\/\" class=\"elementor-item\" tabindex=\"-1\">INDIGENOUS FAIR<\/a><\/li>\n<li class=\"menu-item menu-item-type-post_type menu-item-object-page menu-item-3987\"><a href=\"https:\/\/worldconferenceiw.org\/en\/podcast-2\/\" class=\"elementor-item\" tabindex=\"-1\">PODCAST<\/a><\/li>\n<li class=\"menu-item menu-item-type-post_type menu-item-object-page menu-item-3315\"><a href=\"https:\/\/worldconferenceiw.org\/en\/agenda\/\" class=\"elementor-item\" tabindex=\"-1\">AGENDA<\/a><\/li>\n<li class=\"menu-item menu-item-type-custom menu-item-object-custom menu-item-3556\"><a href=\"https:\/\/intranet.worldconferenceiw.org\" class=\"elementor-item\" tabindex=\"-1\">LOG IN<\/a><\/li>\n<li class=\"menu-item wpml-ls-slot-17 wpml-ls-item wpml-ls-item-en wpml-ls-current-language wpml-ls-menu-item menu-item-type-wpml_ls_menu_item menu-item-object-wpml_ls_menu_item menu-item-has-children menu-item-wpml-ls-17-en\"><a href=\"https:\/\/worldconferenceiw.org\/en\/\" role=\"menuitem\" class=\"elementor-item\" tabindex=\"-1\"><img decoding=\"async\"\n            class=\"wpml-ls-flag\"\n            src=\"https:\/\/worldconferenceiw.org\/wp-content\/plugins\/sitepress-multilingual-cms\/res\/flags\/en.png\"\n            alt=\"\"\n            \n            \n    \/><span class=\"wpml-ls-native\" lang=\"en\">English<\/span><\/a>\n<ul class=\"sub-menu elementor-nav-menu--dropdown\">\n\t<li class=\"menu-item wpml-ls-slot-17 wpml-ls-item wpml-ls-item-es wpml-ls-menu-item wpml-ls-first-item menu-item-type-wpml_ls_menu_item menu-item-object-wpml_ls_menu_item menu-item-wpml-ls-17-es\"><a href=\"https:\/\/worldconferenceiw.org\/\" title=\"Switch to Espa\u00f1ol\" aria-label=\"Switch to Espa\u00f1ol\" role=\"menuitem\" class=\"elementor-sub-item\" tabindex=\"-1\"><img decoding=\"async\"\n            class=\"wpml-ls-flag\"\n            src=\"https:\/\/worldconferenceiw.org\/wp-content\/plugins\/sitepress-multilingual-cms\/res\/flags\/es.png\"\n            alt=\"\"\n            \n            \n    \/><span class=\"wpml-ls-native\" lang=\"es\">Espa\u00f1ol<\/span><\/a><\/li>\n\t<li class=\"menu-item wpml-ls-slot-17 wpml-ls-item wpml-ls-item-fr wpml-ls-menu-item menu-item-type-wpml_ls_menu_item menu-item-object-wpml_ls_menu_item menu-item-wpml-ls-17-fr\"><a href=\"https:\/\/worldconferenceiw.org\/fr\/\" title=\"Switch to Fran\u00e7ais\" aria-label=\"Switch to Fran\u00e7ais\" role=\"menuitem\" class=\"elementor-sub-item\" tabindex=\"-1\"><img decoding=\"async\"\n            class=\"wpml-ls-flag\"\n            src=\"https:\/\/worldconferenceiw.org\/wp-content\/plugins\/sitepress-multilingual-cms\/res\/flags\/fr.png\"\n            alt=\"\"\n            \n            \n    \/><span class=\"wpml-ls-native\" lang=\"fr\">Fran\u00e7ais<\/span><\/a><\/li>\n\t<li class=\"menu-item wpml-ls-slot-17 wpml-ls-item wpml-ls-item-ru wpml-ls-menu-item wpml-ls-last-item menu-item-type-wpml_ls_menu_item menu-item-object-wpml_ls_menu_item menu-item-wpml-ls-17-ru\"><a href=\"https:\/\/worldconferenceiw.org\/ru\/\" title=\"Switch to \u0420\u0443\u0441\u0441\u043a\u0438\u0439\" aria-label=\"Switch to \u0420\u0443\u0441\u0441\u043a\u0438\u0439\" role=\"menuitem\" class=\"elementor-sub-item\" tabindex=\"-1\"><img decoding=\"async\"\n            class=\"wpml-ls-flag\"\n            src=\"https:\/\/worldconferenceiw.org\/wp-content\/plugins\/sitepress-multilingual-cms\/res\/flags\/ru.png\"\n            alt=\"\"\n            \n            \n    \/><span class=\"wpml-ls-native\" lang=\"ru\">\u0420\u0443\u0441\u0441\u043a\u0438\u0439<\/span><\/a><\/li>\n<\/ul>\n<\/li>\n<\/ul>\t\t\t<\/nav>\n\t\t\t\t\t\t<\/div>\n\t\t\t\t<\/div>\n\t\t\t\t\t<\/div>\n\t\t<\/div>\n\t\t\t\t\t<\/div>\n\t\t<\/section>\n\t\t\t\t<section class=\"elementor-section elementor-top-section elementor-element elementor-element-a69985e elementor-section-boxed elementor-section-height-default elementor-section-height-default\" data-id=\"a69985e\" data-element_type=\"section\">\n\t\t\t\t\t\t<div class=\"elementor-container elementor-column-gap-default\">\n\t\t\t\t\t<div class=\"elementor-column elementor-col-100 elementor-top-column elementor-element elementor-element-c3e8b47\" data-id=\"c3e8b47\" data-element_type=\"column\">\n\t\t\t<div class=\"elementor-widget-wrap elementor-element-populated\">\n\t\t\t\t\t\t<div class=\"elementor-element elementor-element-6aed721 elementor-widget elementor-widget-heading\" data-id=\"6aed721\" data-element_type=\"widget\" data-widget_type=\"heading.default\">\n\t\t\t\t<div class=\"elementor-widget-container\">\n\t\t\t\t\t<h2 class=\"elementor-heading-title elementor-size-default\">Indigenous Women from Mesoamerica make progress on the Sustainable Development Goals regardless of States<\/h2>\t\t\t\t<\/div>\n\t\t\t\t<\/div>\n\t\t\t\t\t<\/div>\n\t\t<\/div>\n\t\t\t\t\t<\/div>\n\t\t<\/section>\n\t\t\t\t<section class=\"elementor-section elementor-top-section elementor-element elementor-element-7c4a8d8 elementor-section-boxed elementor-section-height-default elementor-section-height-default\" data-id=\"7c4a8d8\" data-element_type=\"section\">\n\t\t\t\t\t\t<div class=\"elementor-container elementor-column-gap-default\">\n\t\t\t\t\t<div class=\"elementor-column elementor-col-100 elementor-top-column elementor-element elementor-element-2231411\" data-id=\"2231411\" data-element_type=\"column\">\n\t\t\t<div class=\"elementor-widget-wrap elementor-element-populated\">\n\t\t\t\t\t\t<div class=\"elementor-element elementor-element-3daf9ac elementor-widget elementor-widget-heading\" data-id=\"3daf9ac\" data-element_type=\"widget\" data-widget_type=\"heading.default\">\n\t\t\t\t<div class=\"elementor-widget-container\">\n\t\t\t\t\t<h2 class=\"elementor-heading-title elementor-size-default\">The Indigenous Women\u2019s Alliance of Central America and Mexico focused its discussion on the SDGs on gender equality, health and respect for their territories and Cosmovision. They highlighted their best practice in order to attain the goals, despite a lack of government support.<\/h2>\t\t\t\t<\/div>\n\t\t\t\t<\/div>\n\t\t\t\t\t<\/div>\n\t\t<\/div>\n\t\t\t\t\t<\/div>\n\t\t<\/section>\n\t\t\t\t<section class=\"elementor-section elementor-top-section elementor-element elementor-element-a58225a elementor-section-boxed elementor-section-height-default elementor-section-height-default\" data-id=\"a58225a\" data-element_type=\"section\">\n\t\t\t\t\t\t<div class=\"elementor-container elementor-column-gap-default\">\n\t\t\t\t\t<div class=\"elementor-column elementor-col-100 elementor-top-column elementor-element elementor-element-942726f\" data-id=\"942726f\" data-element_type=\"column\">\n\t\t\t<div class=\"elementor-widget-wrap elementor-element-populated\">\n\t\t\t\t\t\t<div class=\"elementor-element elementor-element-1207664 elementor-widget elementor-widget-image\" data-id=\"1207664\" data-element_type=\"widget\" data-widget_type=\"image.default\">\n\t\t\t\t<div class=\"elementor-widget-container\">\n\t\t\t\t\t\t\t\t\t\t\t\t\t\t\t<img decoding=\"async\" width=\"211\" height=\"20\" src=\"https:\/\/worldconferenceiw.org\/wp-content\/uploads\/2021\/06\/divisorrosa.png\" class=\"attachment-large size-large wp-image-383\" alt=\"\" \/>\t\t\t\t\t\t\t\t\t\t\t\t\t\t\t<\/div>\n\t\t\t\t<\/div>\n\t\t\t\t\t<\/div>\n\t\t<\/div>\n\t\t\t\t\t<\/div>\n\t\t<\/section>\n\t\t\t\t<section class=\"elementor-section elementor-top-section elementor-element elementor-element-580a4db elementor-section-boxed elementor-section-height-default elementor-section-height-default\" data-id=\"580a4db\" data-element_type=\"section\">\n\t\t\t\t\t\t<div class=\"elementor-container elementor-column-gap-default\">\n\t\t\t\t\t<div class=\"elementor-column elementor-col-100 elementor-top-column elementor-element elementor-element-69e98e4\" data-id=\"69e98e4\" data-element_type=\"column\">\n\t\t\t<div class=\"elementor-widget-wrap elementor-element-populated\">\n\t\t\t\t\t\t<div class=\"elementor-element elementor-element-422f705 elementor-widget elementor-widget-text-editor\" data-id=\"422f705\" data-element_type=\"widget\" data-widget_type=\"text-editor.default\">\n\t\t\t\t<div class=\"elementor-widget-container\">\n\t\t\t\t\t\t\t\t\t<p><strong>Carmen Gonz\u00e1lez Benicio, in Tlapa, Guerrero, Mexico <\/strong><\/p>\n<p>The COVID-19 pandemic has exacerbated inequality in Mexico and Central America. Over the last 18 months, eight million more people have fallen into poverty in the region. In light of this situation, the Alliance of Indigenous Women of Central America and Mexico (AMICAM) is not optimistic regarding the implementation of the Sustainable Development Goals (SDGs). The 19 global goals to eradicate poverty, protect the planet and improve the lives of the most vulnerable were established by the United Nations in 2015.<\/p>\n<p>From la Mosquitia in Nicaragua, Miskito researcher Eileen Mairena Cunningham stated that even in this context \u2018we have witnessed the commitment of Indigenous Women who have maintained the balance and wellbeing of their families and communities through experiences including examples of a circular sharing economy based on the notion of Buen Vivir (living well together)\u2019.<\/p>\n<p>The women\u2019s activities in Nicaraguan communities cover the sustainable production of vegetables and tourist accommodation for community empowerment; defending traditional knowledge through ancestral medicine; examples of access to justice for cases of sexual violence through political participation, and even being national spokespeople, such as the Wangki Women in defence of the Coco River in Nicaragua.<\/p>\n<p>Six years after the United Nations established Agenda 2030 for member States, Indigenous Women from Central America and Mexico, like Cunningham herself, met online at the Second World Conference of Indigenous Women and highlighted that there has not been \u2018much progress\u2019 on this global sustainable development agenda for Indigenous Peoples, and that this \u2018directly impacts the human rights of Indigenous Women,\u2019 as outlined by Arcelia Garc\u00eda from the Alliance of Indigenous Women of Central America and Mexico (AMICAM).<\/p>\n<p>Arcelia Garc\u00eda stated that AMICAM\u2019s assessment of the SDGs signposted a lack of knowledge about them amongst the Indigenous Women of Mexico, Guatemala, Honduras, Nicaragua, Costa Rica and Panama. A sample of 77 individuals showed that 42.9% do not know what the Sustainable Development Goals (SDGs) are. Meanwhile, although 57.1% have heard about them, only a third have participated in an activity, forum, or a national or international report where they are covered. <\/p>\n<p>\u2018How do we make the SDGs a reality? The first challenge is how to ensure that Indigenous Women are not left behind, making the SDGs something concrete and everyday,\u2019 asked K\u2019iche\u2019 Maya leader Alma Gilda L\u00f3pez Mej\u00eda from Guatemala. For L\u00f3pez Mej\u00eda, it is a challenge to bring the goals to life in the face of patriarchal, colonialist and racist states; this means that Indigenous Women\u2019s organisations need to be strengthened from the local level as \u2018there is no political will from governments for the SDGs to become a reality\u2019.<\/p>\n<p>\u2018Whilst western feminism still focuses on fighting glass ceilings, we come up against cement ones!\u2019 commented Nahuatl Indigenous Woman Guadalupe Mart\u00ednez, by way of contextualising the situation of Indigenous Women.<\/p>\n<p>Moreover, Guadalupe Martinez recognised Martha S\u00e1nchez N\u00e9stor, a Me\u2019phaa Indigenous Woman, as a multifaceted activist who had an impact at local, national and international level through alliances that challenge patriarchal obstacles. This stood as a homage since S\u00e1nchez N\u00e9stor recently passed away due to complications from COVID-19.<\/p>\n<p><strong>Covid-19\u2014yet another factor in inequality<\/strong><\/p>\n<p>All speakers agreed that the Covid-19 pandemic exacerbated inequalities, decreased economic growth, reduced rights and increased the criminalisation of human rights defenders; meanwhile, governments put health and education services on hold, in addition to wellbeing, gender equality and women\u2019s empowerment. <\/p>\n<p>In the region of Kuna Yala in Panama, vaccines had still not arrived in August although they were available in cities. This was explained by the deputy chair of the National Union of Kuna Women, Isabelys Barsallo, who highlighted that the Panamanian government is failing to comply with Sustainable Development Goal 3:  ensure health and wellbeing for all, at every stage of life. In light of this, the 51 Kuna Yala Peoples implemented their own protection measures. <\/p>\n<p>The Kuna General Council\u2014the governing authority of the Kuna Yala People\u2014ratified a regional lockdown and temporarily barred entry to outsiders in order to control the spread of the virus. In turn, the communities translated the measures drafted by the Panamanian Ministry of Health into native languages since \u2018it\u2019s not worth sending out messages or having doctors if they do not use indigenous languages\u2019. They have also applied their traditional knowledge to health issues. These are just some of the solutions found by Indigenous Women in light of their state governments\u2019 failure to comply with the SDGs. Nonetheless, for Barsallo the challenge moving forward on the SDG on health involves universal access to healthcare even in the remotest locations; Indigenous People holding key positions; traditional medicine being recognised, and a care plan being put together for Indigenous Peoples and communities in response to resistance and discrimination. <\/p>\n<p>Reina Correa, a Ienca Indigenous Woman from Honduras, spoke about how traditional medicine is part of Covid-19 care, although western medicine fails to acknowledge it, and how wellbeing as understood by community governments centres on a holistic balance with the territory. She also bemoaned the fact that the health and wellbeing goals are not mandatory for governments, who notify the UN about progress in compliance which, in reality, is not materialised on the ground in communities, where no information on this progress nor any budget for evaluation is available.<\/p>\n<p>The speakers called on the entire UN system, governments and allied institutions to work together on mainstreaming the goals in public policies, as well as to recognise and take up what Indigenous Women already do in their territories, in addition to their comprehensive vision that is not shared in the 17 SDGs.<\/p>\n\t\t\t\t\t\t\t\t<\/div>\n\t\t\t\t<\/div>\n\t\t\t\t\t<\/div>\n\t\t<\/div>\n\t\t\t\t\t<\/div>\n\t\t<\/section>\n\t\t\t\t<\/div>\n\t\t","protected":false},"excerpt":{"rendered":"<p>Indigenous Women from Mesoamerica make progress on the Sustainable Development Goals regardless of States The Indigenous Women\u2019s Alliance of Central America and Mexico focused its discussion on the SDGs on gender equality, health and respect for their territories and Cosmovision. They highlighted their best practice in order to attain the goals, despite a lack of [&hellip;]<\/p>\n","protected":false},"author":3,"featured_media":0,"parent":0,"menu_order":0,"comment_status":"closed","ping_status":"closed","template":"elementor_canvas","meta":{"inline_featured_image":false,"sync_status":"","episode_type":"","audio_file":"","castos_file_data":"","podmotor_file_id":"","cover_image":"","cover_image_id":"","duration":"","filesize":"","filesize_raw":"","date_recorded":"","explicit":"","block":"","itunes_episode_number":"","itunes_title":"","itunes_season_number":"","itunes_episode_type":"","footnotes":""},"class_list":["post-4276","page","type-page","status-publish","hentry"],"_links":{"self":[{"href":"https:\/\/worldconferenceiw.org\/en\/wp-json\/wp\/v2\/pages\/4276","targetHints":{"allow":["GET"]}}],"collection":[{"href":"https:\/\/worldconferenceiw.org\/en\/wp-json\/wp\/v2\/pages"}],"about":[{"href":"https:\/\/worldconferenceiw.org\/en\/wp-json\/wp\/v2\/types\/page"}],"author":[{"embeddable":true,"href":"https:\/\/worldconferenceiw.org\/en\/wp-json\/wp\/v2\/users\/3"}],"replies":[{"embeddable":true,"href":"https:\/\/worldconferenceiw.org\/en\/wp-json\/wp\/v2\/comments?post=4276"}],"version-history":[{"count":1,"href":"https:\/\/worldconferenceiw.org\/en\/wp-json\/wp\/v2\/pages\/4276\/revisions"}],"predecessor-version":[{"id":4277,"href":"https:\/\/worldconferenceiw.org\/en\/wp-json\/wp\/v2\/pages\/4276\/revisions\/4277"}],"wp:attachment":[{"href":"https:\/\/worldconferenceiw.org\/en\/wp-json\/wp\/v2\/media?parent=4276"}],"curies":[{"name":"wp","href":"https:\/\/api.w.org\/{rel}","templated":true}]}}