{"id":3869,"date":"2021-10-04T18:40:18","date_gmt":"2021-10-04T23:40:18","guid":{"rendered":"https:\/\/worldconferenceiw.org\/?page_id=3869"},"modified":"2021-10-04T19:00:35","modified_gmt":"2021-10-05T00:00:35","slug":"03-dialogos-politica-frances","status":"publish","type":"page","link":"https:\/\/worldconferenceiw.org\/fr\/03-dialogos-politica-frances\/","title":{"rendered":"03 Dialogos Pol\u00edtica -Frances"},"content":{"rendered":"\t\t<div data-elementor-type=\"wp-page\" data-elementor-id=\"3869\" class=\"elementor elementor-3869\">\n\t\t\t\t\t\t<section class=\"elementor-section elementor-top-section elementor-element elementor-element-6d3cb95 elementor-section-content-middle elementor-section-boxed elementor-section-height-default elementor-section-height-default\" data-id=\"6d3cb95\" data-element_type=\"section\" data-settings=\"{&quot;background_background&quot;:&quot;classic&quot;}\">\n\t\t\t\t\t\t<div class=\"elementor-container elementor-column-gap-default\">\n\t\t\t\t\t<div class=\"elementor-column elementor-col-50 elementor-top-column elementor-element elementor-element-edf458f\" data-id=\"edf458f\" data-element_type=\"column\">\n\t\t\t<div class=\"elementor-widget-wrap elementor-element-populated\">\n\t\t\t\t\t\t<div class=\"elementor-element elementor-element-7f9bb1f elementor-widget elementor-widget-image\" data-id=\"7f9bb1f\" data-element_type=\"widget\" data-widget_type=\"image.default\">\n\t\t\t\t<div class=\"elementor-widget-container\">\n\t\t\t\t\t\t\t\t\t\t\t\t\t\t\t\t<a href=\"https:\/\/worldconferenceiw.org\/fr\/\">\n\t\t\t\t\t\t\t<img decoding=\"async\" width=\"70\" height=\"68\" src=\"https:\/\/worldconferenceiw.org\/wp-content\/uploads\/2021\/06\/logopequeno.png\" class=\"attachment-large size-large wp-image-378\" alt=\"\" \/>\t\t\t\t\t\t\t\t<\/a>\n\t\t\t\t\t\t\t\t\t\t\t\t\t\t\t<\/div>\n\t\t\t\t<\/div>\n\t\t\t\t\t<\/div>\n\t\t<\/div>\n\t\t\t\t<div class=\"elementor-column elementor-col-50 elementor-top-column elementor-element elementor-element-7ec315d\" data-id=\"7ec315d\" data-element_type=\"column\">\n\t\t\t<div class=\"elementor-widget-wrap elementor-element-populated\">\n\t\t\t\t\t\t<div class=\"elementor-element elementor-element-6b5586d elementor-nav-menu__align-right elementor-nav-menu--stretch elementor-nav-menu__text-align-center elementor-nav-menu--dropdown-tablet elementor-nav-menu--toggle elementor-nav-menu--burger elementor-widget elementor-widget-nav-menu\" data-id=\"6b5586d\" data-element_type=\"widget\" data-settings=\"{&quot;full_width&quot;:&quot;stretch&quot;,&quot;layout&quot;:&quot;horizontal&quot;,&quot;submenu_icon&quot;:{&quot;value&quot;:&quot;&lt;i class=\\&quot;fas fa-caret-down\\&quot;&gt;&lt;\\\/i&gt;&quot;,&quot;library&quot;:&quot;fa-solid&quot;},&quot;toggle&quot;:&quot;burger&quot;}\" data-widget_type=\"nav-menu.default\">\n\t\t\t\t<div class=\"elementor-widget-container\">\n\t\t\t\t\t\t\t\t<nav migration_allowed=\"1\" migrated=\"0\" class=\"elementor-nav-menu--main elementor-nav-menu__container elementor-nav-menu--layout-horizontal e--pointer-underline e--animation-fade\">\n\t\t\t\t<ul id=\"menu-1-6b5586d\" class=\"elementor-nav-menu\"><li class=\"menu-item menu-item-type-post_type menu-item-object-page menu-item-home menu-item-2301\"><a href=\"https:\/\/worldconferenceiw.org\/fr\/\" class=\"elementor-item\">ACCUEIL<\/a><\/li>\n<li class=\"menu-item menu-item-type-post_type menu-item-object-page menu-item-2302\"><a href=\"https:\/\/worldconferenceiw.org\/fr\/nous-trouver\/\" class=\"elementor-item\">NOUS TROUVER<\/a><\/li>\n<li class=\"menu-item menu-item-type-post_type menu-item-object-page menu-item-3415\"><a href=\"https:\/\/worldconferenceiw.org\/fr\/nouvelles\/\" class=\"elementor-item\">NOUVELLES<\/a><\/li>\n<li class=\"menu-item menu-item-type-post_type menu-item-object-page menu-item-3751\"><a href=\"https:\/\/worldconferenceiw.org\/fr\/foire-autochtone\/\" class=\"elementor-item\">FOIRE AUTOCHTONE<\/a><\/li>\n<li class=\"menu-item menu-item-type-post_type menu-item-object-page menu-item-3319\"><a href=\"https:\/\/worldconferenceiw.org\/fr\/l-agenda-2\/\" class=\"elementor-item\">L \u2018AGENDA<\/a><\/li>\n<li class=\"menu-item menu-item-type-post_type menu-item-object-page menu-item-4002\"><a href=\"https:\/\/worldconferenceiw.org\/fr\/podcast-2\/\" class=\"elementor-item\">PODCAST<\/a><\/li>\n<li class=\"menu-item menu-item-type-custom menu-item-object-custom menu-item-3557\"><a href=\"https:\/\/intranet.worldconferenceiw.org\" class=\"elementor-item\">CONNEXION<\/a><\/li>\n<li class=\"menu-item wpml-ls-slot-17 wpml-ls-item wpml-ls-item-fr wpml-ls-current-language wpml-ls-menu-item menu-item-type-wpml_ls_menu_item menu-item-object-wpml_ls_menu_item menu-item-has-children menu-item-wpml-ls-17-fr\"><a href=\"https:\/\/worldconferenceiw.org\/fr\/\" role=\"menuitem\" class=\"elementor-item\"><img decoding=\"async\"\n            class=\"wpml-ls-flag\"\n            src=\"https:\/\/worldconferenceiw.org\/wp-content\/plugins\/sitepress-multilingual-cms\/res\/flags\/fr.png\"\n            alt=\"\"\n            \n            \n    \/><span class=\"wpml-ls-native\" lang=\"fr\">Fran\u00e7ais<\/span><\/a>\n<ul class=\"sub-menu elementor-nav-menu--dropdown\">\n\t<li class=\"menu-item wpml-ls-slot-17 wpml-ls-item wpml-ls-item-es wpml-ls-menu-item wpml-ls-first-item menu-item-type-wpml_ls_menu_item menu-item-object-wpml_ls_menu_item menu-item-wpml-ls-17-es\"><a href=\"https:\/\/worldconferenceiw.org\/\" title=\"Passer \u00e0 Espa\u00f1ol\" aria-label=\"Passer \u00e0 Espa\u00f1ol\" role=\"menuitem\" class=\"elementor-sub-item\"><img decoding=\"async\"\n            class=\"wpml-ls-flag\"\n            src=\"https:\/\/worldconferenceiw.org\/wp-content\/plugins\/sitepress-multilingual-cms\/res\/flags\/es.png\"\n            alt=\"\"\n            \n            \n    \/><span class=\"wpml-ls-native\" lang=\"es\">Espa\u00f1ol<\/span><\/a><\/li>\n\t<li class=\"menu-item wpml-ls-slot-17 wpml-ls-item wpml-ls-item-en wpml-ls-menu-item menu-item-type-wpml_ls_menu_item menu-item-object-wpml_ls_menu_item menu-item-wpml-ls-17-en\"><a href=\"https:\/\/worldconferenceiw.org\/en\/\" title=\"Passer \u00e0 English\" aria-label=\"Passer \u00e0 English\" role=\"menuitem\" class=\"elementor-sub-item\"><img decoding=\"async\"\n            class=\"wpml-ls-flag\"\n            src=\"https:\/\/worldconferenceiw.org\/wp-content\/plugins\/sitepress-multilingual-cms\/res\/flags\/en.png\"\n            alt=\"\"\n            \n            \n    \/><span class=\"wpml-ls-native\" lang=\"en\">English<\/span><\/a><\/li>\n\t<li class=\"menu-item wpml-ls-slot-17 wpml-ls-item wpml-ls-item-ru wpml-ls-menu-item wpml-ls-last-item menu-item-type-wpml_ls_menu_item menu-item-object-wpml_ls_menu_item menu-item-wpml-ls-17-ru\"><a href=\"https:\/\/worldconferenceiw.org\/ru\/\" title=\"Passer \u00e0 \u0420\u0443\u0441\u0441\u043a\u0438\u0439\" aria-label=\"Passer \u00e0 \u0420\u0443\u0441\u0441\u043a\u0438\u0439\" role=\"menuitem\" class=\"elementor-sub-item\"><img decoding=\"async\"\n            class=\"wpml-ls-flag\"\n            src=\"https:\/\/worldconferenceiw.org\/wp-content\/plugins\/sitepress-multilingual-cms\/res\/flags\/ru.png\"\n            alt=\"\"\n            \n            \n    \/><span class=\"wpml-ls-native\" lang=\"ru\">\u0420\u0443\u0441\u0441\u043a\u0438\u0439<\/span><\/a><\/li>\n<\/ul>\n<\/li>\n<\/ul>\t\t\t<\/nav>\n\t\t\t\t\t<div class=\"elementor-menu-toggle\" role=\"button\" tabindex=\"0\" aria-label=\"Permuter le menu\" aria-expanded=\"false\">\n\t\t\t<i aria-hidden=\"true\" role=\"presentation\" class=\"elementor-menu-toggle__icon--open eicon-menu-bar\"><\/i><i aria-hidden=\"true\" role=\"presentation\" class=\"elementor-menu-toggle__icon--close eicon-close\"><\/i>\t\t\t<span class=\"elementor-screen-only\">Menu<\/span>\n\t\t<\/div>\n\t\t\t<nav class=\"elementor-nav-menu--dropdown elementor-nav-menu__container\" aria-hidden=\"true\">\n\t\t\t\t<ul id=\"menu-2-6b5586d\" class=\"elementor-nav-menu\"><li class=\"menu-item menu-item-type-post_type menu-item-object-page menu-item-home menu-item-2301\"><a href=\"https:\/\/worldconferenceiw.org\/fr\/\" class=\"elementor-item\" tabindex=\"-1\">ACCUEIL<\/a><\/li>\n<li class=\"menu-item menu-item-type-post_type menu-item-object-page menu-item-2302\"><a href=\"https:\/\/worldconferenceiw.org\/fr\/nous-trouver\/\" class=\"elementor-item\" tabindex=\"-1\">NOUS TROUVER<\/a><\/li>\n<li class=\"menu-item menu-item-type-post_type menu-item-object-page menu-item-3415\"><a href=\"https:\/\/worldconferenceiw.org\/fr\/nouvelles\/\" class=\"elementor-item\" tabindex=\"-1\">NOUVELLES<\/a><\/li>\n<li class=\"menu-item menu-item-type-post_type menu-item-object-page menu-item-3751\"><a href=\"https:\/\/worldconferenceiw.org\/fr\/foire-autochtone\/\" class=\"elementor-item\" tabindex=\"-1\">FOIRE AUTOCHTONE<\/a><\/li>\n<li class=\"menu-item menu-item-type-post_type menu-item-object-page menu-item-3319\"><a href=\"https:\/\/worldconferenceiw.org\/fr\/l-agenda-2\/\" class=\"elementor-item\" tabindex=\"-1\">L \u2018AGENDA<\/a><\/li>\n<li class=\"menu-item menu-item-type-post_type menu-item-object-page menu-item-4002\"><a href=\"https:\/\/worldconferenceiw.org\/fr\/podcast-2\/\" class=\"elementor-item\" tabindex=\"-1\">PODCAST<\/a><\/li>\n<li class=\"menu-item menu-item-type-custom menu-item-object-custom menu-item-3557\"><a href=\"https:\/\/intranet.worldconferenceiw.org\" class=\"elementor-item\" tabindex=\"-1\">CONNEXION<\/a><\/li>\n<li class=\"menu-item wpml-ls-slot-17 wpml-ls-item wpml-ls-item-fr wpml-ls-current-language wpml-ls-menu-item menu-item-type-wpml_ls_menu_item menu-item-object-wpml_ls_menu_item menu-item-has-children menu-item-wpml-ls-17-fr\"><a href=\"https:\/\/worldconferenceiw.org\/fr\/\" role=\"menuitem\" class=\"elementor-item\" tabindex=\"-1\"><img decoding=\"async\"\n            class=\"wpml-ls-flag\"\n            src=\"https:\/\/worldconferenceiw.org\/wp-content\/plugins\/sitepress-multilingual-cms\/res\/flags\/fr.png\"\n            alt=\"\"\n            \n            \n    \/><span class=\"wpml-ls-native\" lang=\"fr\">Fran\u00e7ais<\/span><\/a>\n<ul class=\"sub-menu elementor-nav-menu--dropdown\">\n\t<li class=\"menu-item wpml-ls-slot-17 wpml-ls-item wpml-ls-item-es wpml-ls-menu-item wpml-ls-first-item menu-item-type-wpml_ls_menu_item menu-item-object-wpml_ls_menu_item menu-item-wpml-ls-17-es\"><a href=\"https:\/\/worldconferenceiw.org\/\" title=\"Passer \u00e0 Espa\u00f1ol\" aria-label=\"Passer \u00e0 Espa\u00f1ol\" role=\"menuitem\" class=\"elementor-sub-item\" tabindex=\"-1\"><img decoding=\"async\"\n            class=\"wpml-ls-flag\"\n            src=\"https:\/\/worldconferenceiw.org\/wp-content\/plugins\/sitepress-multilingual-cms\/res\/flags\/es.png\"\n            alt=\"\"\n            \n            \n    \/><span class=\"wpml-ls-native\" lang=\"es\">Espa\u00f1ol<\/span><\/a><\/li>\n\t<li class=\"menu-item wpml-ls-slot-17 wpml-ls-item wpml-ls-item-en wpml-ls-menu-item menu-item-type-wpml_ls_menu_item menu-item-object-wpml_ls_menu_item menu-item-wpml-ls-17-en\"><a href=\"https:\/\/worldconferenceiw.org\/en\/\" title=\"Passer \u00e0 English\" aria-label=\"Passer \u00e0 English\" role=\"menuitem\" class=\"elementor-sub-item\" tabindex=\"-1\"><img decoding=\"async\"\n            class=\"wpml-ls-flag\"\n            src=\"https:\/\/worldconferenceiw.org\/wp-content\/plugins\/sitepress-multilingual-cms\/res\/flags\/en.png\"\n            alt=\"\"\n            \n            \n    \/><span class=\"wpml-ls-native\" lang=\"en\">English<\/span><\/a><\/li>\n\t<li class=\"menu-item wpml-ls-slot-17 wpml-ls-item wpml-ls-item-ru wpml-ls-menu-item wpml-ls-last-item menu-item-type-wpml_ls_menu_item menu-item-object-wpml_ls_menu_item menu-item-wpml-ls-17-ru\"><a href=\"https:\/\/worldconferenceiw.org\/ru\/\" title=\"Passer \u00e0 \u0420\u0443\u0441\u0441\u043a\u0438\u0439\" aria-label=\"Passer \u00e0 \u0420\u0443\u0441\u0441\u043a\u0438\u0439\" role=\"menuitem\" class=\"elementor-sub-item\" tabindex=\"-1\"><img decoding=\"async\"\n            class=\"wpml-ls-flag\"\n            src=\"https:\/\/worldconferenceiw.org\/wp-content\/plugins\/sitepress-multilingual-cms\/res\/flags\/ru.png\"\n            alt=\"\"\n            \n            \n    \/><span class=\"wpml-ls-native\" lang=\"ru\">\u0420\u0443\u0441\u0441\u043a\u0438\u0439<\/span><\/a><\/li>\n<\/ul>\n<\/li>\n<\/ul>\t\t\t<\/nav>\n\t\t\t\t\t\t<\/div>\n\t\t\t\t<\/div>\n\t\t\t\t\t<\/div>\n\t\t<\/div>\n\t\t\t\t\t<\/div>\n\t\t<\/section>\n\t\t\t\t<section class=\"elementor-section elementor-top-section elementor-element elementor-element-556c0c3 elementor-section-boxed elementor-section-height-default elementor-section-height-default\" data-id=\"556c0c3\" data-element_type=\"section\">\n\t\t\t\t\t\t<div class=\"elementor-container elementor-column-gap-default\">\n\t\t\t\t\t<div class=\"elementor-column elementor-col-100 elementor-top-column elementor-element elementor-element-5824c1f\" data-id=\"5824c1f\" data-element_type=\"column\">\n\t\t\t<div class=\"elementor-widget-wrap elementor-element-populated\">\n\t\t\t\t\t\t<div class=\"elementor-element elementor-element-670b6ad elementor-widget elementor-widget-heading\" data-id=\"670b6ad\" data-element_type=\"widget\" data-widget_type=\"heading.default\">\n\t\t\t\t<div class=\"elementor-widget-container\">\n\t\t\t\t\t<h2 class=\"elementor-heading-title elementor-size-default\">Les Femmes autochtones exigent des \u00c9tats et des institutions internationales la r\u00e9alisation effective de leurs droits individuels et collectifs<\/h2>\t\t\t\t<\/div>\n\t\t\t\t<\/div>\n\t\t\t\t<div class=\"elementor-element elementor-element-66f30fd elementor-align-center elementor-widget elementor-widget-button\" data-id=\"66f30fd\" data-element_type=\"widget\" data-widget_type=\"button.default\">\n\t\t\t\t<div class=\"elementor-widget-container\">\n\t\t\t\t\t\t\t\t\t<div class=\"elementor-button-wrapper\">\n\t\t\t\t\t<a class=\"elementor-button elementor-button-link elementor-size-lg\" href=\"https:\/\/worldconferenceiw.org\/wp-content\/uploads\/2021\/09\/Declaration-politique-mondiale-des-Femmes-autochtones_2CMFA.pdf\" target=\"_blank\">\n\t\t\t\t\t\t<span class=\"elementor-button-content-wrapper\">\n\t\t\t\t\t\t\t\t\t<span class=\"elementor-button-text\">T\u00e9l\u00e9chargez la d\u00e9claration originale ici<\/span>\n\t\t\t\t\t<\/span>\n\t\t\t\t\t<\/a>\n\t\t\t\t<\/div>\n\t\t\t\t\t\t\t\t<\/div>\n\t\t\t\t<\/div>\n\t\t\t\t<div class=\"elementor-element elementor-element-5604fad elementor-widget elementor-widget-heading\" data-id=\"5604fad\" data-element_type=\"widget\" data-widget_type=\"heading.default\">\n\t\t\t\t<div class=\"elementor-widget-container\">\n\t\t\t\t\t<h2 class=\"elementor-heading-title elementor-size-default\">Du 12 ao\u00fbt au 2 septembre, 500 Femmes autochtones du monde entier se sont r\u00e9unies virtuellement \u00e0 l\u2019occasion de la deuxi\u00e8me Conf\u00e9rence mondiale des Femmes autochtones pour aborder les obstacles auxquels elles continuent de se heurter pour parvenir \u00e0 l\u2019\u00e9galit\u00e9, 26 ans apr\u00e8s la D\u00e9claration et la Plateforme d\u2019action de Beijing. Combinant s\u00e9ances pl\u00e9ni\u00e8res ouvertes et groupes de travail r\u00e9duits, elles se sont r\u00e9unies autour de 47 espaces de dialogue pour d\u00e9battre d\u2019enjeux communs et de solutions \u00e0 mettre en \u0153uvre. Dans la D\u00e9claration politique mondiale, elles exigent des \u00c9tats et des institutions internationales qu\u2019ils respectent leurs engagements l\u00e9gaux pour la pleine r\u00e9alisation de leurs droits, et que ceux-ci ne soient pas subordonn\u00e9s aux int\u00e9r\u00eats des grandes entreprises.<\/h2>\t\t\t\t<\/div>\n\t\t\t\t<\/div>\n\t\t\t\t<div class=\"elementor-element elementor-element-ac719d3 elementor-widget elementor-widget-image\" data-id=\"ac719d3\" data-element_type=\"widget\" data-widget_type=\"image.default\">\n\t\t\t\t<div class=\"elementor-widget-container\">\n\t\t\t\t\t\t\t\t\t\t\t\t\t\t\t<img decoding=\"async\" width=\"211\" height=\"20\" src=\"https:\/\/worldconferenceiw.org\/wp-content\/uploads\/2021\/06\/divisorrosa.png\" class=\"attachment-large size-large wp-image-384\" alt=\"\" \/>\t\t\t\t\t\t\t\t\t\t\t\t\t\t\t<\/div>\n\t\t\t\t<\/div>\n\t\t\t\t<div class=\"elementor-element elementor-element-9ea9ccc elementor-widget elementor-widget-text-editor\" data-id=\"9ea9ccc\" data-element_type=\"widget\" data-widget_type=\"text-editor.default\">\n\t\t\t\t<div class=\"elementor-widget-container\">\n\t\t\t\t\t\t\t\t\t<p>Plus de 500 Femmes autochtones des sept r\u00e9gions socioculturelles du monde se sont r\u00e9unies virtuellement \u00e0 l\u2019occasion de la deuxi\u00e8me Conf\u00e9rence mondiale des Femmes autochtones, du 12 ao\u00fbt au 2 septembre 2021, pour renforcer le mouvement des Femmes autochtones et convenir d\u2019un programme mondial de plaidoyer. \u00c0 l\u2019issue de 47 tables rondes, incluant des pl\u00e9ni\u00e8res ouvertes et des groupes de travail au cours desquels ont \u00e9t\u00e9 abord\u00e9s les grands enjeux qui affectent les Femmes autochtones (de la participation politique aux changements climatiques, en passant par les diff\u00e9rents types de violences auxquelles elles sont confront\u00e9es et les strat\u00e9gies de renforcement de leur r\u00e9silience), les Femmes autochtones ont conclu que \u00ab nous continuons de faire face \u00e0 des obstacles qui nous emp\u00eachent d\u2019exercer pleinement et effectivement nos droits \u00bb.<br \/>\nPlus pr\u00e9cis\u00e9ment, elles souffrent de violences structurelles et syst\u00e9miques \u00e0 plusieurs niveaux; de marginalisation, de discrimination et de racisme; de l\u2019appropriation agressive de leurs territoires par les \u00c9tats, les entreprises transnationales et le secteur priv\u00e9; de violence environnementale \u00e0 travers la contamination du sol, de l\u2019air et des sources d\u2019eau; du colonialisme; de la mondialisation; de la militarisation des territoires; des d\u00e9placements et migrations forc\u00e9s; de la criminalisation et de la r\u00e9pression de la dissidence sociale et de la d\u00e9fense des droits de la personne; d\u2019attaques bas\u00e9es sur le genre; de l\u2019exploitation et de la traite de personnes, y compris les Femmes et les Filles autochtones disparues et assassin\u00e9es; et d\u2019un manque d\u2019acc\u00e8s \u00e0 la justice.<br \/>\nCes situations ont d\u2019ailleurs \u00e9t\u00e9 exacerb\u00e9es par la pand\u00e9mie de Covid-19, qui \u00ab a mis en \u00e9vidence les grands \u00e9carts qui existent entre la soci\u00e9t\u00e9 civile et les Peuples autochtones du monde \u00bb. Face \u00e0 tant d\u2019adversit\u00e9, les connaissances ancestrales, le dialogue et la transmission interg\u00e9n\u00e9rationnelle ont \u00e9t\u00e9 d\u2019une importance fondamentale pour la survie des Peuples autochtones. Lorsque leurs terres et territoires sont mis \u00e0 risque, leur m\u00e9decine et leur survie le sont aussi. C\u2019est ainsi que les Femmes autochtones critiquent \u00ab l\u2019approche paternaliste \u00bb que les diff\u00e9rentes institutions du pouvoir continuent \u00e0 adopter \u00e0 l\u2019\u00e9gard de leurs Peuples, exigeant plut\u00f4t l\u2019implantation d\u2019une approche de collaboration \u00e9quitable.<br \/>\nLes diff\u00e9rents ateliers ont \u00e9galement permis de mettre en lumi\u00e8re les solutions et les actions positives mises en \u0153uvre par les Femmes autochtones pour faire face aux in\u00e9galit\u00e9s et exercer leurs droits, de la fa\u00e7on dont elles font face \u00e0 la violence bas\u00e9e sur le genre aux digues utilis\u00e9es pour r\u00e9cup\u00e9rer des terres dans les atolls du Pacifique Sud alors que les changements climatiques font monter le niveau de la mer.<br \/>\n\u00ab Cette conf\u00e9rence nous a permis de parler de nos r\u00eaves, de pr\u00e9senter nos propositions, nos pr\u00e9occupations et nos valeurs, et de r\u00e9affirmer notre engagement in\u00e9branlable pour la promotion de nos droits, de nos cultures, de nos modes de vie, et de la grande responsabilit\u00e9 que nous avons envers nos peuples et les g\u00e9n\u00e9rations \u00e0 venir \u00bb, ont-elles affirm\u00e9 dans leur D\u00e9claration politique internationale, le jeudi 2 septembre.<br \/>\nDemandes publiques<br \/>\nDans cette d\u00e9claration politique, les Femmes autochtones appellent les \u00c9tats membres, les agences et les m\u00e9canismes des Nations Unies \u00e0 garantir la mise en \u0153uvre effective des instruments internationaux qui d\u00e9fendent les droits des Femmes autochtones et de leurs communaut\u00e9s. Elles exigent \u00e9galement des \u00c9tats qu\u2019ils alignent leurs lois sur ces engagements. Elles expriment de plus leur pr\u00e9occupation \u00ab pour l\u2019infiltration ou l\u2019accaparement de la part des entreprises, \u00e0 travers la formation d\u2019alliances et autres m\u00e9canismes entre entreprises, organisations et m\u00e9canismes onusiens, qui portent atteinte aux droits des Peuples autochtones \u00bb, ce qui emp\u00eache toute participation \u00e9quitable aux espaces d\u00e9cisionnels o\u00f9 les politiques sont \u00e9labor\u00e9es.<br \/>\nPour les Femmes autochtones, ces probl\u00e8mes les \u00ab \u00e9loignent de la r\u00e9alisation effective de la D\u00e9claration et du Programme d\u2019action de Beijing ainsi que de chacun des objectifs du Programme de d\u00e9veloppement durable \u00e0 l\u2019horizon 2030, dont le but principal est de ne laisser personne de c\u00f4t\u00e9 \u00bb.<br \/>\nElles demandent l\u2019adoption d\u2019actions positives et de programmes visant \u00e0 aborder les Femmes autochtones dans toute leur diversit\u00e9 d\u2019origine, fonctionnelle ou sexuelle, afin que les droits des Femmes autochtones handicap\u00e9es ou LGTBQ+ soient aussi int\u00e9gr\u00e9s dans la mise en \u0153uvre et le suivi du Programme \u00e0 l\u2019horizon 2030.<br \/>\nElles revendiquent leurs pratiques de gu\u00e9rison autochtones, leurs connaissances m\u00e9dicinales et leur propri\u00e9t\u00e9 intellectuelle, exigeant des \u00c9tats qu\u2019ils veillent \u00e0 ce que les Femmes autochtones puissent avoir acc\u00e8s \u00e0 leurs terres et \u00e0 leurs ressources ancestrales, en garder le contr\u00f4le et les utiliser. De fait, une multitude d\u2019actions positives ont \u00e9t\u00e9 partag\u00e9es tout au long de la Conf\u00e9rence.<br \/>\nLes participantes encouragent tous les \u00c9tats \u00e0 \u00e9tablir des m\u00e9canismes visant \u00e0 faire respecter les dimensions collectives du droit \u00e0 l\u2019\u00e9galit\u00e9, \u00e0 la non-discrimination et \u00e0 l\u2019autod\u00e9termination; les droits sociaux et \u00e9conomiques, y compris le droit \u00e0 un travail d\u00e9cent et le droit \u00e0 la terre, au territoire et aux ressources; les droits \u00e0 l\u2019eau et \u00e0 la nourriture; les droits culturels; les droits civils et politiques; le droit de vivre \u00e0 l\u2019abri de toute forme de violence; et le droit d\u2019acc\u00e9der au syst\u00e8me judiciaire sans crainte de repr\u00e9sailles pour les Femmes et filles autochtones qui d\u00e9noncent des violations.<br \/>\nLa cl\u00f4ture, comme le reste des \u00e9v\u00e9nements de la Conf\u00e9rence, a \u00e9t\u00e9 accompagn\u00e9e d\u2019une c\u00e9r\u00e9monie spirituelle multiculturelle de gratitude envers les anc\u00eatres et la Terre-M\u00e8re. Outre les Femmes autochtones, avaient particip\u00e9 aux tables rondes pr\u00e9c\u00e9dentes des personnes alli\u00e9es telles que Francisco Cali, rapporteur sp\u00e9cial sur les droits des Peuples autochtones, et Gladys Acosta, pr\u00e9sidente de la CEDAW.<br \/>\nOnt \u00e9galement particip\u00e9 \u00e0 l\u2019\u00e9v\u00e9nement des dirigeantes autochtones de renom, y compris Nanaia Mahuta, ministre des Affaires \u00e9trang\u00e8res de la Nouvelle-Z\u00e9lande; Sabina Orellana, ministre des Cultures, de la D\u00e9colonisation et de la D\u00e9patriarcalisation de la Bolivie; Rosalina Tuyuc Vel\u00e1squez, ancienne d\u00e9put\u00e9e maya guat\u00e9malt\u00e8que; Christina Henriksen, pr\u00e9sidente du Conseil Saami de Norv\u00e8ge; Pratima Gurung, du R\u00e9seau mondial des personnes handicap\u00e9es autochtones, Victoria Tauli-Corpuz, ancienne rapporteuse des Nations Unies sur les droits des Peuples autochtones, Tarcila Rivera Zea, militante quechua, et Lucy Mulenkei, pr\u00e9sidente du R\u00e9seau des Femmes autochtones pour la biodiversit\u00e9.<br \/>\nLe Forum international des Femmes autochtones (FIMI) et les r\u00e9seaux r\u00e9gionaux de Femmes autochtones ont \u00e9t\u00e9 les h\u00f4tes de cette conf\u00e9rence, qui s\u2019inscrivait dans leur strat\u00e9gie de renforcer les alliances internationales et de faciliter la participation politique pleine et effective des Femmes autochtones aux processus internationaux de prise de d\u00e9cisions, de mani\u00e8re \u00e0 assurer le suivi des engagements pris par les \u00c9tats parties.<br \/>\nPour plus de renseignements, veuillez consulter le site de la Conf\u00e9rence : https:\/\/worldconferenceiw.org\/ <\/p>\n\t\t\t\t\t\t\t\t<\/div>\n\t\t\t\t<\/div>\n\t\t\t\t\t<\/div>\n\t\t<\/div>\n\t\t\t\t\t<\/div>\n\t\t<\/section>\n\t\t\t\t<\/div>\n\t\t","protected":false},"excerpt":{"rendered":"<p>Les Femmes autochtones exigent des \u00c9tats et des institutions internationales la r\u00e9alisation effective de leurs droits individuels et collectifs T\u00e9l\u00e9chargez la d\u00e9claration originale ici Du 12 ao\u00fbt au 2 septembre, 500 Femmes autochtones du monde entier se sont r\u00e9unies virtuellement \u00e0 l\u2019occasion de la deuxi\u00e8me Conf\u00e9rence mondiale des Femmes autochtones pour aborder les obstacles auxquels [&hellip;]<\/p>\n","protected":false},"author":3,"featured_media":0,"parent":0,"menu_order":0,"comment_status":"closed","ping_status":"closed","template":"elementor_canvas","meta":{"inline_featured_image":false,"sync_status":"","episode_type":"","audio_file":"","castos_file_data":"","podmotor_file_id":"","cover_image":"","cover_image_id":"","duration":"","filesize":"","filesize_raw":"","date_recorded":"","explicit":"","block":"","itunes_episode_number":"","itunes_title":"","itunes_season_number":"","itunes_episode_type":"","footnotes":""},"class_list":["post-3869","page","type-page","status-publish","hentry"],"_links":{"self":[{"href":"https:\/\/worldconferenceiw.org\/fr\/wp-json\/wp\/v2\/pages\/3869","targetHints":{"allow":["GET"]}}],"collection":[{"href":"https:\/\/worldconferenceiw.org\/fr\/wp-json\/wp\/v2\/pages"}],"about":[{"href":"https:\/\/worldconferenceiw.org\/fr\/wp-json\/wp\/v2\/types\/page"}],"author":[{"embeddable":true,"href":"https:\/\/worldconferenceiw.org\/fr\/wp-json\/wp\/v2\/users\/3"}],"replies":[{"embeddable":true,"href":"https:\/\/worldconferenceiw.org\/fr\/wp-json\/wp\/v2\/comments?post=3869"}],"version-history":[{"count":5,"href":"https:\/\/worldconferenceiw.org\/fr\/wp-json\/wp\/v2\/pages\/3869\/revisions"}],"predecessor-version":[{"id":3918,"href":"https:\/\/worldconferenceiw.org\/fr\/wp-json\/wp\/v2\/pages\/3869\/revisions\/3918"}],"wp:attachment":[{"href":"https:\/\/worldconferenceiw.org\/fr\/wp-json\/wp\/v2\/media?parent=3869"}],"curies":[{"name":"wp","href":"https:\/\/api.w.org\/{rel}","templated":true}]}}