{"id":4130,"date":"2021-11-12T18:33:43","date_gmt":"2021-11-13T00:33:43","guid":{"rendered":"https:\/\/worldconferenceiw.org\/06-filantropia-fr\/"},"modified":"2021-11-12T18:38:38","modified_gmt":"2021-11-13T00:38:38","slug":"06-filantropia-fr","status":"publish","type":"page","link":"https:\/\/worldconferenceiw.org\/fr\/06-filantropia-fr\/","title":{"rendered":"06 Filantropia &#8211; FR"},"content":{"rendered":"\t\t<div data-elementor-type=\"wp-page\" data-elementor-id=\"4130\" class=\"elementor elementor-4130\">\n\t\t\t\t\t\t<section class=\"elementor-section elementor-top-section elementor-element elementor-element-f982fb5 elementor-section-content-middle elementor-section-boxed elementor-section-height-default elementor-section-height-default\" data-id=\"f982fb5\" data-element_type=\"section\" data-settings=\"{&quot;background_background&quot;:&quot;classic&quot;}\">\n\t\t\t\t\t\t<div class=\"elementor-container elementor-column-gap-default\">\n\t\t\t\t\t<div class=\"elementor-column elementor-col-50 elementor-top-column elementor-element elementor-element-d3b0477\" data-id=\"d3b0477\" data-element_type=\"column\">\n\t\t\t<div class=\"elementor-widget-wrap elementor-element-populated\">\n\t\t\t\t\t\t<div class=\"elementor-element elementor-element-c3371dd elementor-widget elementor-widget-image\" data-id=\"c3371dd\" data-element_type=\"widget\" data-widget_type=\"image.default\">\n\t\t\t\t<div class=\"elementor-widget-container\">\n\t\t\t\t\t\t\t\t\t\t\t\t\t\t\t\t<a href=\"https:\/\/worldconferenceiw.org\/fr\/\">\n\t\t\t\t\t\t\t<img decoding=\"async\" width=\"70\" height=\"68\" src=\"https:\/\/worldconferenceiw.org\/wp-content\/uploads\/2021\/06\/logopequeno.png\" class=\"attachment-large size-large wp-image-378\" alt=\"\" \/>\t\t\t\t\t\t\t\t<\/a>\n\t\t\t\t\t\t\t\t\t\t\t\t\t\t\t<\/div>\n\t\t\t\t<\/div>\n\t\t\t\t\t<\/div>\n\t\t<\/div>\n\t\t\t\t<div class=\"elementor-column elementor-col-50 elementor-top-column elementor-element elementor-element-77e540c\" data-id=\"77e540c\" data-element_type=\"column\">\n\t\t\t<div class=\"elementor-widget-wrap elementor-element-populated\">\n\t\t\t\t\t\t<div class=\"elementor-element elementor-element-6e7693b elementor-nav-menu__align-right elementor-nav-menu--stretch elementor-nav-menu__text-align-center elementor-nav-menu--dropdown-tablet elementor-nav-menu--toggle elementor-nav-menu--burger elementor-widget elementor-widget-nav-menu\" data-id=\"6e7693b\" data-element_type=\"widget\" data-settings=\"{&quot;full_width&quot;:&quot;stretch&quot;,&quot;layout&quot;:&quot;horizontal&quot;,&quot;submenu_icon&quot;:{&quot;value&quot;:&quot;&lt;i class=\\&quot;fas fa-caret-down\\&quot;&gt;&lt;\\\/i&gt;&quot;,&quot;library&quot;:&quot;fa-solid&quot;},&quot;toggle&quot;:&quot;burger&quot;}\" data-widget_type=\"nav-menu.default\">\n\t\t\t\t<div class=\"elementor-widget-container\">\n\t\t\t\t\t\t\t\t<nav migration_allowed=\"1\" migrated=\"0\" class=\"elementor-nav-menu--main elementor-nav-menu__container elementor-nav-menu--layout-horizontal e--pointer-underline e--animation-fade\">\n\t\t\t\t<ul id=\"menu-1-6e7693b\" class=\"elementor-nav-menu\"><li class=\"menu-item menu-item-type-post_type menu-item-object-page menu-item-home menu-item-2301\"><a href=\"https:\/\/worldconferenceiw.org\/fr\/\" class=\"elementor-item\">ACCUEIL<\/a><\/li>\n<li class=\"menu-item menu-item-type-post_type menu-item-object-page menu-item-2302\"><a href=\"https:\/\/worldconferenceiw.org\/fr\/nous-trouver\/\" class=\"elementor-item\">NOUS TROUVER<\/a><\/li>\n<li class=\"menu-item menu-item-type-post_type menu-item-object-page menu-item-3415\"><a href=\"https:\/\/worldconferenceiw.org\/fr\/nouvelles\/\" class=\"elementor-item\">NOUVELLES<\/a><\/li>\n<li class=\"menu-item menu-item-type-post_type menu-item-object-page menu-item-3751\"><a href=\"https:\/\/worldconferenceiw.org\/fr\/foire-autochtone\/\" class=\"elementor-item\">FOIRE AUTOCHTONE<\/a><\/li>\n<li class=\"menu-item menu-item-type-post_type menu-item-object-page menu-item-3319\"><a href=\"https:\/\/worldconferenceiw.org\/fr\/l-agenda-2\/\" class=\"elementor-item\">L \u2018AGENDA<\/a><\/li>\n<li class=\"menu-item menu-item-type-post_type menu-item-object-page menu-item-4002\"><a href=\"https:\/\/worldconferenceiw.org\/fr\/podcast-2\/\" class=\"elementor-item\">PODCAST<\/a><\/li>\n<li class=\"menu-item menu-item-type-custom menu-item-object-custom menu-item-3557\"><a href=\"https:\/\/intranet.worldconferenceiw.org\" class=\"elementor-item\">CONNEXION<\/a><\/li>\n<li class=\"menu-item wpml-ls-slot-17 wpml-ls-item wpml-ls-item-fr wpml-ls-current-language wpml-ls-menu-item menu-item-type-wpml_ls_menu_item menu-item-object-wpml_ls_menu_item menu-item-has-children menu-item-wpml-ls-17-fr\"><a href=\"https:\/\/worldconferenceiw.org\/fr\/\" role=\"menuitem\" class=\"elementor-item\"><img decoding=\"async\"\n            class=\"wpml-ls-flag\"\n            src=\"https:\/\/worldconferenceiw.org\/wp-content\/plugins\/sitepress-multilingual-cms\/res\/flags\/fr.png\"\n            alt=\"\"\n            \n            \n    \/><span class=\"wpml-ls-native\" lang=\"fr\">Fran\u00e7ais<\/span><\/a>\n<ul class=\"sub-menu elementor-nav-menu--dropdown\">\n\t<li class=\"menu-item wpml-ls-slot-17 wpml-ls-item wpml-ls-item-es wpml-ls-menu-item wpml-ls-first-item menu-item-type-wpml_ls_menu_item menu-item-object-wpml_ls_menu_item menu-item-wpml-ls-17-es\"><a href=\"https:\/\/worldconferenceiw.org\/\" title=\"Passer \u00e0 Espa\u00f1ol\" aria-label=\"Passer \u00e0 Espa\u00f1ol\" role=\"menuitem\" class=\"elementor-sub-item\"><img decoding=\"async\"\n            class=\"wpml-ls-flag\"\n            src=\"https:\/\/worldconferenceiw.org\/wp-content\/plugins\/sitepress-multilingual-cms\/res\/flags\/es.png\"\n            alt=\"\"\n            \n            \n    \/><span class=\"wpml-ls-native\" lang=\"es\">Espa\u00f1ol<\/span><\/a><\/li>\n\t<li class=\"menu-item wpml-ls-slot-17 wpml-ls-item wpml-ls-item-en wpml-ls-menu-item menu-item-type-wpml_ls_menu_item menu-item-object-wpml_ls_menu_item menu-item-wpml-ls-17-en\"><a href=\"https:\/\/worldconferenceiw.org\/en\/\" title=\"Passer \u00e0 English\" aria-label=\"Passer \u00e0 English\" role=\"menuitem\" class=\"elementor-sub-item\"><img decoding=\"async\"\n            class=\"wpml-ls-flag\"\n            src=\"https:\/\/worldconferenceiw.org\/wp-content\/plugins\/sitepress-multilingual-cms\/res\/flags\/en.png\"\n            alt=\"\"\n            \n            \n    \/><span class=\"wpml-ls-native\" lang=\"en\">English<\/span><\/a><\/li>\n\t<li class=\"menu-item wpml-ls-slot-17 wpml-ls-item wpml-ls-item-ru wpml-ls-menu-item wpml-ls-last-item menu-item-type-wpml_ls_menu_item menu-item-object-wpml_ls_menu_item menu-item-wpml-ls-17-ru\"><a href=\"https:\/\/worldconferenceiw.org\/ru\/\" title=\"Passer \u00e0 \u0420\u0443\u0441\u0441\u043a\u0438\u0439\" aria-label=\"Passer \u00e0 \u0420\u0443\u0441\u0441\u043a\u0438\u0439\" role=\"menuitem\" class=\"elementor-sub-item\"><img decoding=\"async\"\n            class=\"wpml-ls-flag\"\n            src=\"https:\/\/worldconferenceiw.org\/wp-content\/plugins\/sitepress-multilingual-cms\/res\/flags\/ru.png\"\n            alt=\"\"\n            \n            \n    \/><span class=\"wpml-ls-native\" lang=\"ru\">\u0420\u0443\u0441\u0441\u043a\u0438\u0439<\/span><\/a><\/li>\n<\/ul>\n<\/li>\n<\/ul>\t\t\t<\/nav>\n\t\t\t\t\t<div class=\"elementor-menu-toggle\" role=\"button\" tabindex=\"0\" aria-label=\"Permuter le menu\" aria-expanded=\"false\">\n\t\t\t<i aria-hidden=\"true\" role=\"presentation\" class=\"elementor-menu-toggle__icon--open eicon-menu-bar\"><\/i><i aria-hidden=\"true\" role=\"presentation\" class=\"elementor-menu-toggle__icon--close eicon-close\"><\/i>\t\t\t<span class=\"elementor-screen-only\">Menu<\/span>\n\t\t<\/div>\n\t\t\t<nav class=\"elementor-nav-menu--dropdown elementor-nav-menu__container\" aria-hidden=\"true\">\n\t\t\t\t<ul id=\"menu-2-6e7693b\" class=\"elementor-nav-menu\"><li class=\"menu-item menu-item-type-post_type menu-item-object-page menu-item-home menu-item-2301\"><a href=\"https:\/\/worldconferenceiw.org\/fr\/\" class=\"elementor-item\" tabindex=\"-1\">ACCUEIL<\/a><\/li>\n<li class=\"menu-item menu-item-type-post_type menu-item-object-page menu-item-2302\"><a href=\"https:\/\/worldconferenceiw.org\/fr\/nous-trouver\/\" class=\"elementor-item\" tabindex=\"-1\">NOUS TROUVER<\/a><\/li>\n<li class=\"menu-item menu-item-type-post_type menu-item-object-page menu-item-3415\"><a href=\"https:\/\/worldconferenceiw.org\/fr\/nouvelles\/\" class=\"elementor-item\" tabindex=\"-1\">NOUVELLES<\/a><\/li>\n<li class=\"menu-item menu-item-type-post_type menu-item-object-page menu-item-3751\"><a href=\"https:\/\/worldconferenceiw.org\/fr\/foire-autochtone\/\" class=\"elementor-item\" tabindex=\"-1\">FOIRE AUTOCHTONE<\/a><\/li>\n<li class=\"menu-item menu-item-type-post_type menu-item-object-page menu-item-3319\"><a href=\"https:\/\/worldconferenceiw.org\/fr\/l-agenda-2\/\" class=\"elementor-item\" tabindex=\"-1\">L \u2018AGENDA<\/a><\/li>\n<li class=\"menu-item menu-item-type-post_type menu-item-object-page menu-item-4002\"><a href=\"https:\/\/worldconferenceiw.org\/fr\/podcast-2\/\" class=\"elementor-item\" tabindex=\"-1\">PODCAST<\/a><\/li>\n<li class=\"menu-item menu-item-type-custom menu-item-object-custom menu-item-3557\"><a href=\"https:\/\/intranet.worldconferenceiw.org\" class=\"elementor-item\" tabindex=\"-1\">CONNEXION<\/a><\/li>\n<li class=\"menu-item wpml-ls-slot-17 wpml-ls-item wpml-ls-item-fr wpml-ls-current-language wpml-ls-menu-item menu-item-type-wpml_ls_menu_item menu-item-object-wpml_ls_menu_item menu-item-has-children menu-item-wpml-ls-17-fr\"><a href=\"https:\/\/worldconferenceiw.org\/fr\/\" role=\"menuitem\" class=\"elementor-item\" tabindex=\"-1\"><img decoding=\"async\"\n            class=\"wpml-ls-flag\"\n            src=\"https:\/\/worldconferenceiw.org\/wp-content\/plugins\/sitepress-multilingual-cms\/res\/flags\/fr.png\"\n            alt=\"\"\n            \n            \n    \/><span class=\"wpml-ls-native\" lang=\"fr\">Fran\u00e7ais<\/span><\/a>\n<ul class=\"sub-menu elementor-nav-menu--dropdown\">\n\t<li class=\"menu-item wpml-ls-slot-17 wpml-ls-item wpml-ls-item-es wpml-ls-menu-item wpml-ls-first-item menu-item-type-wpml_ls_menu_item menu-item-object-wpml_ls_menu_item menu-item-wpml-ls-17-es\"><a href=\"https:\/\/worldconferenceiw.org\/\" title=\"Passer \u00e0 Espa\u00f1ol\" aria-label=\"Passer \u00e0 Espa\u00f1ol\" role=\"menuitem\" class=\"elementor-sub-item\" tabindex=\"-1\"><img decoding=\"async\"\n            class=\"wpml-ls-flag\"\n            src=\"https:\/\/worldconferenceiw.org\/wp-content\/plugins\/sitepress-multilingual-cms\/res\/flags\/es.png\"\n            alt=\"\"\n            \n            \n    \/><span class=\"wpml-ls-native\" lang=\"es\">Espa\u00f1ol<\/span><\/a><\/li>\n\t<li class=\"menu-item wpml-ls-slot-17 wpml-ls-item wpml-ls-item-en wpml-ls-menu-item menu-item-type-wpml_ls_menu_item menu-item-object-wpml_ls_menu_item menu-item-wpml-ls-17-en\"><a href=\"https:\/\/worldconferenceiw.org\/en\/\" title=\"Passer \u00e0 English\" aria-label=\"Passer \u00e0 English\" role=\"menuitem\" class=\"elementor-sub-item\" tabindex=\"-1\"><img decoding=\"async\"\n            class=\"wpml-ls-flag\"\n            src=\"https:\/\/worldconferenceiw.org\/wp-content\/plugins\/sitepress-multilingual-cms\/res\/flags\/en.png\"\n            alt=\"\"\n            \n            \n    \/><span class=\"wpml-ls-native\" lang=\"en\">English<\/span><\/a><\/li>\n\t<li class=\"menu-item wpml-ls-slot-17 wpml-ls-item wpml-ls-item-ru wpml-ls-menu-item wpml-ls-last-item menu-item-type-wpml_ls_menu_item menu-item-object-wpml_ls_menu_item menu-item-wpml-ls-17-ru\"><a href=\"https:\/\/worldconferenceiw.org\/ru\/\" title=\"Passer \u00e0 \u0420\u0443\u0441\u0441\u043a\u0438\u0439\" aria-label=\"Passer \u00e0 \u0420\u0443\u0441\u0441\u043a\u0438\u0439\" role=\"menuitem\" class=\"elementor-sub-item\" tabindex=\"-1\"><img decoding=\"async\"\n            class=\"wpml-ls-flag\"\n            src=\"https:\/\/worldconferenceiw.org\/wp-content\/plugins\/sitepress-multilingual-cms\/res\/flags\/ru.png\"\n            alt=\"\"\n            \n            \n    \/><span class=\"wpml-ls-native\" lang=\"ru\">\u0420\u0443\u0441\u0441\u043a\u0438\u0439<\/span><\/a><\/li>\n<\/ul>\n<\/li>\n<\/ul>\t\t\t<\/nav>\n\t\t\t\t\t\t<\/div>\n\t\t\t\t<\/div>\n\t\t\t\t\t<\/div>\n\t\t<\/div>\n\t\t\t\t\t<\/div>\n\t\t<\/section>\n\t\t\t\t<section class=\"elementor-section elementor-top-section elementor-element elementor-element-163175a elementor-section-boxed elementor-section-height-default elementor-section-height-default\" data-id=\"163175a\" data-element_type=\"section\">\n\t\t\t\t\t\t<div class=\"elementor-container elementor-column-gap-default\">\n\t\t\t\t\t<div class=\"elementor-column elementor-col-100 elementor-top-column elementor-element elementor-element-55f1cbd\" data-id=\"55f1cbd\" data-element_type=\"column\">\n\t\t\t<div class=\"elementor-widget-wrap elementor-element-populated\">\n\t\t\t\t\t\t<div class=\"elementor-element elementor-element-4d40621 elementor-widget elementor-widget-heading\" data-id=\"4d40621\" data-element_type=\"widget\" data-widget_type=\"heading.default\">\n\t\t\t\t<div class=\"elementor-widget-container\">\n\t\t\t\t\t<h2 class=\"elementor-heading-title elementor-size-default\">Le\u00e7ons des pratiques des Peuples autochtones pour le secteur philanthropique<\/h2>\t\t\t\t<\/div>\n\t\t\t\t<\/div>\n\t\t\t\t\t<\/div>\n\t\t<\/div>\n\t\t\t\t\t<\/div>\n\t\t<\/section>\n\t\t\t\t<section class=\"elementor-section elementor-top-section elementor-element elementor-element-fd63774 elementor-section-boxed elementor-section-height-default elementor-section-height-default\" data-id=\"fd63774\" data-element_type=\"section\">\n\t\t\t\t\t\t<div class=\"elementor-container elementor-column-gap-default\">\n\t\t\t\t\t<div class=\"elementor-column elementor-col-100 elementor-top-column elementor-element elementor-element-1841e5e\" data-id=\"1841e5e\" data-element_type=\"column\">\n\t\t\t<div class=\"elementor-widget-wrap elementor-element-populated\">\n\t\t\t\t\t\t<div class=\"elementor-element elementor-element-e52b8c0 elementor-widget elementor-widget-heading\" data-id=\"e52b8c0\" data-element_type=\"widget\" data-widget_type=\"heading.default\">\n\t\t\t\t<div class=\"elementor-widget-container\">\n\t\t\t\t\t<h2 class=\"elementor-heading-title elementor-size-default\">Les Femmes autochtones exigent que la communaut\u00e9 internationale mette fin \u00e0 ses pratiques de coop\u00e9ration paternalistes au profit d\u2019une approche ancr\u00e9e dans la r\u00e9ciprocit\u00e9. Elles proposent \u00e9galement d\u2019exiger des \u00c9tats alli\u00e9s qu\u2019ils cessent de financer les entreprises transnationales qui usurpent des territoires autochtones.<\/h2>\t\t\t\t<\/div>\n\t\t\t\t<\/div>\n\t\t\t\t\t<\/div>\n\t\t<\/div>\n\t\t\t\t\t<\/div>\n\t\t<\/section>\n\t\t\t\t<section class=\"elementor-section elementor-top-section elementor-element elementor-element-1c9ed36 elementor-section-boxed elementor-section-height-default elementor-section-height-default\" data-id=\"1c9ed36\" data-element_type=\"section\">\n\t\t\t\t\t\t<div class=\"elementor-container elementor-column-gap-default\">\n\t\t\t\t\t<div class=\"elementor-column elementor-col-100 elementor-top-column elementor-element elementor-element-f532b74\" data-id=\"f532b74\" data-element_type=\"column\">\n\t\t\t<div class=\"elementor-widget-wrap elementor-element-populated\">\n\t\t\t\t\t\t<div class=\"elementor-element elementor-element-5058f37 elementor-widget elementor-widget-image\" data-id=\"5058f37\" data-element_type=\"widget\" data-widget_type=\"image.default\">\n\t\t\t\t<div class=\"elementor-widget-container\">\n\t\t\t\t\t\t\t\t\t\t\t\t\t\t\t<img decoding=\"async\" width=\"211\" height=\"20\" src=\"https:\/\/worldconferenceiw.org\/wp-content\/uploads\/2021\/06\/divisorrosa.png\" class=\"attachment-large size-large wp-image-384\" alt=\"\" \/>\t\t\t\t\t\t\t\t\t\t\t\t\t\t\t<\/div>\n\t\t\t\t<\/div>\n\t\t\t\t\t<\/div>\n\t\t<\/div>\n\t\t\t\t\t<\/div>\n\t\t<\/section>\n\t\t\t\t<section class=\"elementor-section elementor-top-section elementor-element elementor-element-b668aaa elementor-section-boxed elementor-section-height-default elementor-section-height-default\" data-id=\"b668aaa\" data-element_type=\"section\">\n\t\t\t\t\t\t<div class=\"elementor-container elementor-column-gap-default\">\n\t\t\t\t\t<div class=\"elementor-column elementor-col-100 elementor-top-column elementor-element elementor-element-4f8ee49\" data-id=\"4f8ee49\" data-element_type=\"column\">\n\t\t\t<div class=\"elementor-widget-wrap elementor-element-populated\">\n\t\t\t\t\t\t<div class=\"elementor-element elementor-element-4b717d6 elementor-widget elementor-widget-text-editor\" data-id=\"4b717d6\" data-element_type=\"widget\" data-widget_type=\"text-editor.default\">\n\t\t\t\t<div class=\"elementor-widget-container\">\n\t\t\t\t\t\t\t\t\t<p><strong>Guadalupe R\u00edos, Juchit\u00e1n, Oax.<\/strong><\/p><p>La r\u00e9ciprocit\u00e9 et la collaboration d\u00e9sint\u00e9ress\u00e9e sont pratiques courantes chez les Peuples autochtones des Am\u00e9riques et d\u2019autres continents. Les femmes g\u00e8rent les espaces, aident les h\u00f4tes, pr\u00e9parent les repas pour la f\u00eate : le seul fait de participer devient une f\u00eate. Le principe de r\u00e9ciprocit\u00e9 est \u00e0 la source de l\u2019identit\u00e9 et de la force des communaut\u00e9s autochtones. Cela a \u00e9t\u00e9 bien mis en \u00e9vidence lors de la s\u00e9ance de discussion \u00ab Transformer la philanthropie \u00bb, qui abordait les diff\u00e9rentes approches de la philanthropie entre les pays du Nord et les Peuples et les Femmes autochtones, tenue dans le cadre de la 2e Conf\u00e9rence mondiale des Femmes autochtones.<\/p><p>Les participantes ont \u00e9chang\u00e9 leurs connaissances et leurs exp\u00e9riences personnelles et communautaires. Des femmes d\u2019Asie, des Am\u00e9riques, d\u2019Europe et d\u2019Oc\u00e9anie ont abord\u00e9 les diff\u00e9rentes significations de la philanthropie, d\u00e9plorant qu\u2019elle se pr\u00e9sente souvent \u00ab comme un acte de charit\u00e9 de la part de certains pays au grand pouvoir \u00e9conomique \u00bb. Les participantes \u00e0 la s\u00e9ance ont expliqu\u00e9 que les anciennes pratiques de r\u00e9ciprocit\u00e9 autochtone sont toujours utilis\u00e9es, \u00e9voquant les concepts de \u00ab Guendalizaa \u00bb ou \u00ab Guelaguetza \u00bb, provenant de la langue zapot\u00e8que d\u2019Oaxaca, au Mexique, ou \u00ab q&rsquo;imi \u00bb en quechua de Bolivie. D\u2019apr\u00e8s elles, ces connaissances et cette sagesse ancestrale repr\u00e9sentent les principales contributions des Peuples autochtones \u00e0 la communaut\u00e9 philanthropique internationale. \u00ab Le fait de donner devrait \u00eatre vu comme une f\u00eate, pas comme une transaction d\u2019affaires \u00bb, a d\u00e9clar\u00e9 Nidia Bustillos, du Fonds autochtone Pawanka. De son point de vue, la philanthropie devrait \u00eatre un outil pour pr\u00e9server la terre, dont tout le monde fait partie. \u00ab Il ne s\u2019agit pas de charit\u00e9, mais de partage entre \u00eatres humains. \u00bb<\/p><p>Les conf\u00e9renci\u00e8res ont dress\u00e9 une liste des initiatives de valeur lanc\u00e9es par leurs organisations pour partager leurs connaissances et pr\u00e9senter des id\u00e9es applicables \u00e0 la conception de projets \u00e0 long terme. Elles ont convenu qu\u2019il \u00e9tait n\u00e9cessaire que les gouvernements et les autres acteurs de la coop\u00e9ration internationale d\u00e9couvrent l\u2019approche des communaut\u00e9s autochtones \u00e0 la philanthropie pour qu\u2019ils commencent \u00e0 la concevoir comme un \u00ab processus collectif de r\u00e9ciprocit\u00e9, de partage et de r\u00e9partition, m\u00eame si cela ne cadre pas toujours avec la vision occidentale qui domine encore dans une partie du secteur \u00bb.<\/p><p>\u00a0<\/p><p><strong>Propositions \u00e0 court et \u00e0 long terme<\/strong><\/p><p>Un grand changement positif \u00e0 court terme serait que les donateurs s\u2019adaptent aux formes d\u2019organisation et aux syst\u00e8mes de gouvernance en place au sein des communaut\u00e9s. Il serait \u00e9galement n\u00e9cessaire d\u2019\u00e9liminer toutes impositions et conditions. Pour ce faire, il faut d\u00e9construire l\u2019approche paternaliste et reconna\u00eetre que les Peuples autochtones ont historiquement contribu\u00e9 \u00e0 l\u2019enrichissement des pays d\u00e9velopp\u00e9s.<\/p><p>Pour le long terme, les participantes ont propos\u00e9 une r\u00e9vision des m\u00e9canismes utilis\u00e9s dans le monde de la coop\u00e9ration internationale. Elles ont soulign\u00e9 qu\u2019il fallait assurer une plus grande coh\u00e9rence entre les initiatives philanthropiques appuy\u00e9es par les \u00c9tats au niveau international et les projets transnationaux qu\u2019ils soutiennent \u00e0 travers des investissements publics et priv\u00e9s. En effet, bon nombre des entreprises qui re\u00e7oivent des fonds ou des contrats de ces m\u00eames \u00c9tats coop\u00e9rants sont des agents de d\u00e9possession dans les territoires autochtones.<\/p><p>Pour sa part, l\u2019animatrice de la discussion, Lourdes Inga, Femme autochtone quechua et repr\u00e9sentante d\u2019International Funders for Indigenous Peoples (IFIP), a d\u00e9clar\u00e9 qu\u2019il existait peu de soutien en place pour le leadership des Femmes autochtones. Pour cette raison, l\u2019IFIP cherche \u00e0 r\u00e9duire les in\u00e9galit\u00e9s de genre et \u00e0 soutenir des projets qui naissent au sein m\u00eame des communaut\u00e9s. L\u2019IFIP est aujourd\u2019hui le seul r\u00e9seau mondial de bailleurs de fonds destin\u00e9 exclusivement \u00e0 des projets de soutien aux Peuples autochtones \u00e0 travers le monde.<\/p><p>Margarita Antonio du FIMI a soulign\u00e9 que \u00ab les Femmes autochtones continuent d\u2019assumer la dualit\u00e9 de leur identit\u00e9, en tant que femmes, mais aussi comme membres de la communaut\u00e9 \u00bb, affirmant que les donateurs devaient comprendre cette conception du genre du point de vue collectif.<\/p><p>Les participantes \u00e0 la table ronde ont conclu qu\u2019il \u00e9tait n\u00e9cessaire d\u2019\u00e9tablir une relation de r\u00e9ciprocit\u00e9 horizontale avec la communaut\u00e9 des donateurs et de mettre en lumi\u00e8re les valeurs et la richesse des Peuples comme le principal atout des projets.<\/p>\t\t\t\t\t\t\t\t<\/div>\n\t\t\t\t<\/div>\n\t\t\t\t\t<\/div>\n\t\t<\/div>\n\t\t\t\t\t<\/div>\n\t\t<\/section>\n\t\t\t\t<\/div>\n\t\t","protected":false},"excerpt":{"rendered":"<p>Le\u00e7ons des pratiques des Peuples autochtones pour le secteur philanthropique Les Femmes autochtones exigent que la communaut\u00e9 internationale mette fin \u00e0 ses pratiques de coop\u00e9ration paternalistes au profit d\u2019une approche ancr\u00e9e dans la r\u00e9ciprocit\u00e9. Elles proposent \u00e9galement d\u2019exiger des \u00c9tats alli\u00e9s qu\u2019ils cessent de financer les entreprises transnationales qui usurpent des territoires autochtones. Guadalupe R\u00edos, [&hellip;]<\/p>\n","protected":false},"author":3,"featured_media":0,"parent":0,"menu_order":0,"comment_status":"closed","ping_status":"closed","template":"elementor_canvas","meta":{"inline_featured_image":false,"sync_status":"","episode_type":"","audio_file":"","castos_file_data":"","podmotor_file_id":"","cover_image":"","cover_image_id":"","duration":"","filesize":"","filesize_raw":"","date_recorded":"","explicit":"","block":"","itunes_episode_number":"","itunes_title":"","itunes_season_number":"","itunes_episode_type":"","footnotes":""},"class_list":["post-4130","page","type-page","status-publish","hentry"],"_links":{"self":[{"href":"https:\/\/worldconferenceiw.org\/fr\/wp-json\/wp\/v2\/pages\/4130","targetHints":{"allow":["GET"]}}],"collection":[{"href":"https:\/\/worldconferenceiw.org\/fr\/wp-json\/wp\/v2\/pages"}],"about":[{"href":"https:\/\/worldconferenceiw.org\/fr\/wp-json\/wp\/v2\/types\/page"}],"author":[{"embeddable":true,"href":"https:\/\/worldconferenceiw.org\/fr\/wp-json\/wp\/v2\/users\/3"}],"replies":[{"embeddable":true,"href":"https:\/\/worldconferenceiw.org\/fr\/wp-json\/wp\/v2\/comments?post=4130"}],"version-history":[{"count":5,"href":"https:\/\/worldconferenceiw.org\/fr\/wp-json\/wp\/v2\/pages\/4130\/revisions"}],"predecessor-version":[{"id":4147,"href":"https:\/\/worldconferenceiw.org\/fr\/wp-json\/wp\/v2\/pages\/4130\/revisions\/4147"}],"wp:attachment":[{"href":"https:\/\/worldconferenceiw.org\/fr\/wp-json\/wp\/v2\/media?parent=4130"}],"curies":[{"name":"wp","href":"https:\/\/api.w.org\/{rel}","templated":true}]}}