{"id":4317,"date":"2021-11-25T14:25:53","date_gmt":"2021-11-25T20:25:53","guid":{"rendered":"https:\/\/worldconferenceiw.org\/12-mujeres-pacifico-sur-fr\/"},"modified":"2021-11-25T14:27:50","modified_gmt":"2021-11-25T20:27:50","slug":"12-mujeres-pacifico-sur-fr","status":"publish","type":"page","link":"https:\/\/worldconferenceiw.org\/fr\/12-mujeres-pacifico-sur-fr\/","title":{"rendered":"12 Mujeres Pac\u00edfico Sur &#8211; FR"},"content":{"rendered":"\t\t<div data-elementor-type=\"wp-page\" data-elementor-id=\"4317\" class=\"elementor elementor-4317\">\n\t\t\t\t\t\t<section class=\"elementor-section elementor-top-section elementor-element elementor-element-f5af68f elementor-section-content-middle elementor-section-boxed elementor-section-height-default elementor-section-height-default\" data-id=\"f5af68f\" data-element_type=\"section\" data-settings=\"{&quot;background_background&quot;:&quot;classic&quot;}\">\n\t\t\t\t\t\t<div class=\"elementor-container elementor-column-gap-default\">\n\t\t\t\t\t<div class=\"elementor-column elementor-col-50 elementor-top-column elementor-element elementor-element-0d35392\" data-id=\"0d35392\" data-element_type=\"column\">\n\t\t\t<div class=\"elementor-widget-wrap elementor-element-populated\">\n\t\t\t\t\t\t<div class=\"elementor-element elementor-element-839dcef elementor-widget elementor-widget-image\" data-id=\"839dcef\" data-element_type=\"widget\" data-widget_type=\"image.default\">\n\t\t\t\t<div class=\"elementor-widget-container\">\n\t\t\t\t\t\t\t\t\t\t\t\t\t\t\t\t<a href=\"https:\/\/worldconferenceiw.org\/fr\/\">\n\t\t\t\t\t\t\t<img decoding=\"async\" width=\"70\" height=\"68\" src=\"https:\/\/worldconferenceiw.org\/wp-content\/uploads\/2021\/06\/logopequeno.png\" class=\"attachment-large size-large wp-image-378\" alt=\"\" \/>\t\t\t\t\t\t\t\t<\/a>\n\t\t\t\t\t\t\t\t\t\t\t\t\t\t\t<\/div>\n\t\t\t\t<\/div>\n\t\t\t\t\t<\/div>\n\t\t<\/div>\n\t\t\t\t<div class=\"elementor-column elementor-col-50 elementor-top-column elementor-element elementor-element-38309b6\" data-id=\"38309b6\" data-element_type=\"column\">\n\t\t\t<div class=\"elementor-widget-wrap elementor-element-populated\">\n\t\t\t\t\t\t<div class=\"elementor-element elementor-element-0f41836 elementor-nav-menu__align-right elementor-nav-menu--stretch elementor-nav-menu__text-align-center elementor-nav-menu--dropdown-tablet elementor-nav-menu--toggle elementor-nav-menu--burger elementor-widget elementor-widget-nav-menu\" data-id=\"0f41836\" data-element_type=\"widget\" data-settings=\"{&quot;full_width&quot;:&quot;stretch&quot;,&quot;layout&quot;:&quot;horizontal&quot;,&quot;submenu_icon&quot;:{&quot;value&quot;:&quot;&lt;i class=\\&quot;fas fa-caret-down\\&quot;&gt;&lt;\\\/i&gt;&quot;,&quot;library&quot;:&quot;fa-solid&quot;},&quot;toggle&quot;:&quot;burger&quot;}\" data-widget_type=\"nav-menu.default\">\n\t\t\t\t<div class=\"elementor-widget-container\">\n\t\t\t\t\t\t\t\t<nav migration_allowed=\"1\" migrated=\"0\" class=\"elementor-nav-menu--main elementor-nav-menu__container elementor-nav-menu--layout-horizontal e--pointer-underline e--animation-fade\">\n\t\t\t\t<ul id=\"menu-1-0f41836\" class=\"elementor-nav-menu\"><li class=\"menu-item menu-item-type-post_type menu-item-object-page menu-item-home menu-item-2301\"><a href=\"https:\/\/worldconferenceiw.org\/fr\/\" class=\"elementor-item\">ACCUEIL<\/a><\/li>\n<li class=\"menu-item menu-item-type-post_type menu-item-object-page menu-item-2302\"><a href=\"https:\/\/worldconferenceiw.org\/fr\/nous-trouver\/\" class=\"elementor-item\">NOUS TROUVER<\/a><\/li>\n<li class=\"menu-item menu-item-type-post_type menu-item-object-page menu-item-3415\"><a href=\"https:\/\/worldconferenceiw.org\/fr\/nouvelles\/\" class=\"elementor-item\">NOUVELLES<\/a><\/li>\n<li class=\"menu-item menu-item-type-post_type menu-item-object-page menu-item-3751\"><a href=\"https:\/\/worldconferenceiw.org\/fr\/foire-autochtone\/\" class=\"elementor-item\">FOIRE AUTOCHTONE<\/a><\/li>\n<li class=\"menu-item menu-item-type-post_type menu-item-object-page menu-item-3319\"><a href=\"https:\/\/worldconferenceiw.org\/fr\/l-agenda-2\/\" class=\"elementor-item\">L \u2018AGENDA<\/a><\/li>\n<li class=\"menu-item menu-item-type-post_type menu-item-object-page menu-item-4002\"><a href=\"https:\/\/worldconferenceiw.org\/fr\/podcast-2\/\" class=\"elementor-item\">PODCAST<\/a><\/li>\n<li class=\"menu-item menu-item-type-custom menu-item-object-custom menu-item-3557\"><a href=\"https:\/\/intranet.worldconferenceiw.org\" class=\"elementor-item\">CONNEXION<\/a><\/li>\n<li class=\"menu-item wpml-ls-slot-17 wpml-ls-item wpml-ls-item-fr wpml-ls-current-language wpml-ls-menu-item menu-item-type-wpml_ls_menu_item menu-item-object-wpml_ls_menu_item menu-item-has-children menu-item-wpml-ls-17-fr\"><a href=\"https:\/\/worldconferenceiw.org\/fr\/\" role=\"menuitem\" class=\"elementor-item\"><img decoding=\"async\"\n            class=\"wpml-ls-flag\"\n            src=\"https:\/\/worldconferenceiw.org\/wp-content\/plugins\/sitepress-multilingual-cms\/res\/flags\/fr.png\"\n            alt=\"\"\n            \n            \n    \/><span class=\"wpml-ls-native\" lang=\"fr\">Fran\u00e7ais<\/span><\/a>\n<ul class=\"sub-menu elementor-nav-menu--dropdown\">\n\t<li class=\"menu-item wpml-ls-slot-17 wpml-ls-item wpml-ls-item-es wpml-ls-menu-item wpml-ls-first-item menu-item-type-wpml_ls_menu_item menu-item-object-wpml_ls_menu_item menu-item-wpml-ls-17-es\"><a href=\"https:\/\/worldconferenceiw.org\/\" title=\"Passer \u00e0 Espa\u00f1ol\" aria-label=\"Passer \u00e0 Espa\u00f1ol\" role=\"menuitem\" class=\"elementor-sub-item\"><img decoding=\"async\"\n            class=\"wpml-ls-flag\"\n            src=\"https:\/\/worldconferenceiw.org\/wp-content\/plugins\/sitepress-multilingual-cms\/res\/flags\/es.png\"\n            alt=\"\"\n            \n            \n    \/><span class=\"wpml-ls-native\" lang=\"es\">Espa\u00f1ol<\/span><\/a><\/li>\n\t<li class=\"menu-item wpml-ls-slot-17 wpml-ls-item wpml-ls-item-en wpml-ls-menu-item menu-item-type-wpml_ls_menu_item menu-item-object-wpml_ls_menu_item menu-item-wpml-ls-17-en\"><a href=\"https:\/\/worldconferenceiw.org\/en\/\" title=\"Passer \u00e0 English\" aria-label=\"Passer \u00e0 English\" role=\"menuitem\" class=\"elementor-sub-item\"><img decoding=\"async\"\n            class=\"wpml-ls-flag\"\n            src=\"https:\/\/worldconferenceiw.org\/wp-content\/plugins\/sitepress-multilingual-cms\/res\/flags\/en.png\"\n            alt=\"\"\n            \n            \n    \/><span class=\"wpml-ls-native\" lang=\"en\">English<\/span><\/a><\/li>\n\t<li class=\"menu-item wpml-ls-slot-17 wpml-ls-item wpml-ls-item-ru wpml-ls-menu-item wpml-ls-last-item menu-item-type-wpml_ls_menu_item menu-item-object-wpml_ls_menu_item menu-item-wpml-ls-17-ru\"><a href=\"https:\/\/worldconferenceiw.org\/ru\/\" title=\"Passer \u00e0 \u0420\u0443\u0441\u0441\u043a\u0438\u0439\" aria-label=\"Passer \u00e0 \u0420\u0443\u0441\u0441\u043a\u0438\u0439\" role=\"menuitem\" class=\"elementor-sub-item\"><img decoding=\"async\"\n            class=\"wpml-ls-flag\"\n            src=\"https:\/\/worldconferenceiw.org\/wp-content\/plugins\/sitepress-multilingual-cms\/res\/flags\/ru.png\"\n            alt=\"\"\n            \n            \n    \/><span class=\"wpml-ls-native\" lang=\"ru\">\u0420\u0443\u0441\u0441\u043a\u0438\u0439<\/span><\/a><\/li>\n<\/ul>\n<\/li>\n<\/ul>\t\t\t<\/nav>\n\t\t\t\t\t<div class=\"elementor-menu-toggle\" role=\"button\" tabindex=\"0\" aria-label=\"Permuter le menu\" aria-expanded=\"false\">\n\t\t\t<i aria-hidden=\"true\" role=\"presentation\" class=\"elementor-menu-toggle__icon--open eicon-menu-bar\"><\/i><i aria-hidden=\"true\" role=\"presentation\" class=\"elementor-menu-toggle__icon--close eicon-close\"><\/i>\t\t\t<span class=\"elementor-screen-only\">Menu<\/span>\n\t\t<\/div>\n\t\t\t<nav class=\"elementor-nav-menu--dropdown elementor-nav-menu__container\" aria-hidden=\"true\">\n\t\t\t\t<ul id=\"menu-2-0f41836\" class=\"elementor-nav-menu\"><li class=\"menu-item menu-item-type-post_type menu-item-object-page menu-item-home menu-item-2301\"><a href=\"https:\/\/worldconferenceiw.org\/fr\/\" class=\"elementor-item\" tabindex=\"-1\">ACCUEIL<\/a><\/li>\n<li class=\"menu-item menu-item-type-post_type menu-item-object-page menu-item-2302\"><a href=\"https:\/\/worldconferenceiw.org\/fr\/nous-trouver\/\" class=\"elementor-item\" tabindex=\"-1\">NOUS TROUVER<\/a><\/li>\n<li class=\"menu-item menu-item-type-post_type menu-item-object-page menu-item-3415\"><a href=\"https:\/\/worldconferenceiw.org\/fr\/nouvelles\/\" class=\"elementor-item\" tabindex=\"-1\">NOUVELLES<\/a><\/li>\n<li class=\"menu-item menu-item-type-post_type menu-item-object-page menu-item-3751\"><a href=\"https:\/\/worldconferenceiw.org\/fr\/foire-autochtone\/\" class=\"elementor-item\" tabindex=\"-1\">FOIRE AUTOCHTONE<\/a><\/li>\n<li class=\"menu-item menu-item-type-post_type menu-item-object-page menu-item-3319\"><a href=\"https:\/\/worldconferenceiw.org\/fr\/l-agenda-2\/\" class=\"elementor-item\" tabindex=\"-1\">L \u2018AGENDA<\/a><\/li>\n<li class=\"menu-item menu-item-type-post_type menu-item-object-page menu-item-4002\"><a href=\"https:\/\/worldconferenceiw.org\/fr\/podcast-2\/\" class=\"elementor-item\" tabindex=\"-1\">PODCAST<\/a><\/li>\n<li class=\"menu-item menu-item-type-custom menu-item-object-custom menu-item-3557\"><a href=\"https:\/\/intranet.worldconferenceiw.org\" class=\"elementor-item\" tabindex=\"-1\">CONNEXION<\/a><\/li>\n<li class=\"menu-item wpml-ls-slot-17 wpml-ls-item wpml-ls-item-fr wpml-ls-current-language wpml-ls-menu-item menu-item-type-wpml_ls_menu_item menu-item-object-wpml_ls_menu_item menu-item-has-children menu-item-wpml-ls-17-fr\"><a href=\"https:\/\/worldconferenceiw.org\/fr\/\" role=\"menuitem\" class=\"elementor-item\" tabindex=\"-1\"><img decoding=\"async\"\n            class=\"wpml-ls-flag\"\n            src=\"https:\/\/worldconferenceiw.org\/wp-content\/plugins\/sitepress-multilingual-cms\/res\/flags\/fr.png\"\n            alt=\"\"\n            \n            \n    \/><span class=\"wpml-ls-native\" lang=\"fr\">Fran\u00e7ais<\/span><\/a>\n<ul class=\"sub-menu elementor-nav-menu--dropdown\">\n\t<li class=\"menu-item wpml-ls-slot-17 wpml-ls-item wpml-ls-item-es wpml-ls-menu-item wpml-ls-first-item menu-item-type-wpml_ls_menu_item menu-item-object-wpml_ls_menu_item menu-item-wpml-ls-17-es\"><a href=\"https:\/\/worldconferenceiw.org\/\" title=\"Passer \u00e0 Espa\u00f1ol\" aria-label=\"Passer \u00e0 Espa\u00f1ol\" role=\"menuitem\" class=\"elementor-sub-item\" tabindex=\"-1\"><img decoding=\"async\"\n            class=\"wpml-ls-flag\"\n            src=\"https:\/\/worldconferenceiw.org\/wp-content\/plugins\/sitepress-multilingual-cms\/res\/flags\/es.png\"\n            alt=\"\"\n            \n            \n    \/><span class=\"wpml-ls-native\" lang=\"es\">Espa\u00f1ol<\/span><\/a><\/li>\n\t<li class=\"menu-item wpml-ls-slot-17 wpml-ls-item wpml-ls-item-en wpml-ls-menu-item menu-item-type-wpml_ls_menu_item menu-item-object-wpml_ls_menu_item menu-item-wpml-ls-17-en\"><a href=\"https:\/\/worldconferenceiw.org\/en\/\" title=\"Passer \u00e0 English\" aria-label=\"Passer \u00e0 English\" role=\"menuitem\" class=\"elementor-sub-item\" tabindex=\"-1\"><img decoding=\"async\"\n            class=\"wpml-ls-flag\"\n            src=\"https:\/\/worldconferenceiw.org\/wp-content\/plugins\/sitepress-multilingual-cms\/res\/flags\/en.png\"\n            alt=\"\"\n            \n            \n    \/><span class=\"wpml-ls-native\" lang=\"en\">English<\/span><\/a><\/li>\n\t<li class=\"menu-item wpml-ls-slot-17 wpml-ls-item wpml-ls-item-ru wpml-ls-menu-item wpml-ls-last-item menu-item-type-wpml_ls_menu_item menu-item-object-wpml_ls_menu_item menu-item-wpml-ls-17-ru\"><a href=\"https:\/\/worldconferenceiw.org\/ru\/\" title=\"Passer \u00e0 \u0420\u0443\u0441\u0441\u043a\u0438\u0439\" aria-label=\"Passer \u00e0 \u0420\u0443\u0441\u0441\u043a\u0438\u0439\" role=\"menuitem\" class=\"elementor-sub-item\" tabindex=\"-1\"><img decoding=\"async\"\n            class=\"wpml-ls-flag\"\n            src=\"https:\/\/worldconferenceiw.org\/wp-content\/plugins\/sitepress-multilingual-cms\/res\/flags\/ru.png\"\n            alt=\"\"\n            \n            \n    \/><span class=\"wpml-ls-native\" lang=\"ru\">\u0420\u0443\u0441\u0441\u043a\u0438\u0439<\/span><\/a><\/li>\n<\/ul>\n<\/li>\n<\/ul>\t\t\t<\/nav>\n\t\t\t\t\t\t<\/div>\n\t\t\t\t<\/div>\n\t\t\t\t\t<\/div>\n\t\t<\/div>\n\t\t\t\t\t<\/div>\n\t\t<\/section>\n\t\t\t\t<section class=\"elementor-section elementor-top-section elementor-element elementor-element-a69985e elementor-section-boxed elementor-section-height-default elementor-section-height-default\" data-id=\"a69985e\" data-element_type=\"section\">\n\t\t\t\t\t\t<div class=\"elementor-container elementor-column-gap-default\">\n\t\t\t\t\t<div class=\"elementor-column elementor-col-100 elementor-top-column elementor-element elementor-element-c3e8b47\" data-id=\"c3e8b47\" data-element_type=\"column\">\n\t\t\t<div class=\"elementor-widget-wrap elementor-element-populated\">\n\t\t\t\t\t\t<div class=\"elementor-element elementor-element-6aed721 elementor-widget elementor-widget-heading\" data-id=\"6aed721\" data-element_type=\"widget\" data-widget_type=\"heading.default\">\n\t\t\t\t<div class=\"elementor-widget-container\">\n\t\t\t\t\t<h2 class=\"elementor-heading-title elementor-size-default\">Les Femmes autochtones qui maintiennent \u00e0 flot les \u00eeles du Pacifique Sud <\/h2>\t\t\t\t<\/div>\n\t\t\t\t<\/div>\n\t\t\t\t\t<\/div>\n\t\t<\/div>\n\t\t\t\t\t<\/div>\n\t\t<\/section>\n\t\t\t\t<section class=\"elementor-section elementor-top-section elementor-element elementor-element-7c4a8d8 elementor-section-boxed elementor-section-height-default elementor-section-height-default\" data-id=\"7c4a8d8\" data-element_type=\"section\">\n\t\t\t\t\t\t<div class=\"elementor-container elementor-column-gap-default\">\n\t\t\t\t\t<div class=\"elementor-column elementor-col-100 elementor-top-column elementor-element elementor-element-2231411\" data-id=\"2231411\" data-element_type=\"column\">\n\t\t\t<div class=\"elementor-widget-wrap elementor-element-populated\">\n\t\t\t\t\t\t<div class=\"elementor-element elementor-element-3daf9ac elementor-widget elementor-widget-heading\" data-id=\"3daf9ac\" data-element_type=\"widget\" data-widget_type=\"heading.default\">\n\t\t\t\t<div class=\"elementor-widget-container\">\n\t\t\t\t\t<h2 class=\"elementor-heading-title elementor-size-default\">Les communaut\u00e9s autochtones de Kiribati, un pays situ\u00e9 entre l\u2019Australie et Hawa\u00ef, savent que le changement climatique est une r\u00e9alit\u00e9. Il y a d\u00e9j\u00e0 trois d\u00e9cennies d\u00e9j\u00e0 que les Nations Unies avaient averti que ce serait le premier pays \u00e0 \u00eatre englouti par l\u2019oc\u00e9an. <\/h2>\t\t\t\t<\/div>\n\t\t\t\t<\/div>\n\t\t\t\t\t<\/div>\n\t\t<\/div>\n\t\t\t\t\t<\/div>\n\t\t<\/section>\n\t\t\t\t<section class=\"elementor-section elementor-top-section elementor-element elementor-element-a58225a elementor-section-boxed elementor-section-height-default elementor-section-height-default\" data-id=\"a58225a\" data-element_type=\"section\">\n\t\t\t\t\t\t<div class=\"elementor-container elementor-column-gap-default\">\n\t\t\t\t\t<div class=\"elementor-column elementor-col-100 elementor-top-column elementor-element elementor-element-942726f\" data-id=\"942726f\" data-element_type=\"column\">\n\t\t\t<div class=\"elementor-widget-wrap elementor-element-populated\">\n\t\t\t\t\t\t<div class=\"elementor-element elementor-element-1207664 elementor-widget elementor-widget-image\" data-id=\"1207664\" data-element_type=\"widget\" data-widget_type=\"image.default\">\n\t\t\t\t<div class=\"elementor-widget-container\">\n\t\t\t\t\t\t\t\t\t\t\t\t\t\t\t<img decoding=\"async\" width=\"211\" height=\"20\" src=\"https:\/\/worldconferenceiw.org\/wp-content\/uploads\/2021\/06\/divisorrosa.png\" class=\"attachment-large size-large wp-image-384\" alt=\"\" \/>\t\t\t\t\t\t\t\t\t\t\t\t\t\t\t<\/div>\n\t\t\t\t<\/div>\n\t\t\t\t\t<\/div>\n\t\t<\/div>\n\t\t\t\t\t<\/div>\n\t\t<\/section>\n\t\t\t\t<section class=\"elementor-section elementor-top-section elementor-element elementor-element-580a4db elementor-section-boxed elementor-section-height-default elementor-section-height-default\" data-id=\"580a4db\" data-element_type=\"section\">\n\t\t\t\t\t\t<div class=\"elementor-container elementor-column-gap-default\">\n\t\t\t\t\t<div class=\"elementor-column elementor-col-100 elementor-top-column elementor-element elementor-element-69e98e4\" data-id=\"69e98e4\" data-element_type=\"column\">\n\t\t\t<div class=\"elementor-widget-wrap elementor-element-populated\">\n\t\t\t\t\t\t<div class=\"elementor-element elementor-element-422f705 elementor-widget elementor-widget-text-editor\" data-id=\"422f705\" data-element_type=\"widget\" data-widget_type=\"text-editor.default\">\n\t\t\t\t<div class=\"elementor-widget-container\">\n\t\t\t\t\t\t\t\t\t<p><strong>Carmen Gonz\u00e1lez Benicio, de Tlapa, Guerrero, au Mexique<\/strong><\/p><p>\u00a0<\/p><p><b>\u00celes Kiribati\u00a0: une histoire de r\u00e9sistance\u00a0<\/b><\/p><p><span style=\"font-weight: 400;\">Les changements climatiques affectent les communaut\u00e9s autochtones du monde entier. \u00c0 l\u2019occasion de la deuxi\u00e8me Conf\u00e9rence mondiale, les Femmes autochtones des \u00eeles du Pacifique Sud ont discut\u00e9 ensemble de leurs r\u00e9alit\u00e9s. \u00ab\u00a0Quand la mar\u00e9e monte sur l\u2019\u00eele, quand il y a de fortes vagues, on a peur, on ne sait pas ce qui va se passer, on ne se sent pas en s\u00e9curit\u00e9. Nous avons peur, car cela se produit g\u00e9n\u00e9ralement la nuit et en quelques secondes les maisons peuvent \u00eatre compl\u00e8tement englouties\u00a0\u00bb, a racont\u00e9 Anna Nuariki de Kiribati, un pays insulaire compos\u00e9 de 33\u00a0\u00eeles, \u00e0 mi-chemin entre l\u2019Australie et Hawa\u00ef.\u00a0<\/span><\/p><p><span style=\"font-weight: 400;\">En\u00a01989, les<\/span><span style=\"font-weight: 400;\"> Nations Unies avertissaient d\u00e9j\u00e0 que Kiribati deviendrait le <\/span><a href=\"https:\/\/elpais.com\/elpais\/2018\/09\/14\/planeta_futuro\/1536940957_042749.html\" target=\"_blank\" rel=\"noopener\"><span style=\"font-weight: 400;\">premier pays \u00e0 dispara\u00eetre sous la mer en raison des changements climatiques au XXIe\u00a0si\u00e8cle<\/span><\/a><span style=\"font-weight: 400;\">. Dix ans plus tard, deux de ses \u00eeles inhabit\u00e9es avaient \u00e9t\u00e9 submerg\u00e9es. Lors de son allocution, Nuariki <\/span><span style=\"font-weight: 400;\">a expliqu\u00e9 que les \u00eeles habit\u00e9es se trouvent \u00e0 seulement trois m\u00e8tres au-dessus du niveau de la mer, ce qui, consid\u00e9rant aussi les fortes vagues, fait en sorte qu\u2019il y a des inondations constantes affectant les rares terres agricoles des communaut\u00e9s insulaires.\u00a0<\/span><\/p><p><span style=\"font-weight: 400;\">De plus, les inondations salissent\u00a0 l\u2019eau potable et les terres, nuisant \u00e0 la souverainet\u00e9 alimentaire des familles, \u00e0 leur culture et \u00e0 leurs plantes autochtones. <\/span><span style=\"font-weight: 400;\">\u00ab\u00a0L\u2019\u00e9rosion des terres a un grand impact sur les communaut\u00e9s, l\u2019environnement et la pleine r\u00e9alisation des droits de la personne, alors que les communaut\u00e9s se voient forc\u00e9es de laisser leurs maisons derri\u00e8re pour aller vers l\u2019int\u00e9rieur des terres. Cela provoque d\u00e9j\u00e0 des conflits fonciers, tandis que les familles et les communaut\u00e9s se battent entre elles pour les terres disponibles\u00a0\u00bb, a expliqu\u00e9 Nauriki.<\/span><\/p><p><span style=\"font-weight: 400;\">Malgr\u00e9 cette situation, les Femmes autochtones du Pacifique Sud ne restent pas les bras crois\u00e9s. En r\u00e9ponse \u00e0 la crise, Nuariki a rejoint le <\/span><i><span style=\"font-weight: 400;\">Outer Islands Food and Water Project<\/span><\/i><span style=\"font-weight: 400;\">, un projet qui cherche \u00e0 am\u00e9liorer la s\u00e9curit\u00e9 alimentaire, l\u2019alimentation et l\u2019acc\u00e8s \u00e0 l\u2019eau potable des m\u00e9nages gr\u00e2ce \u00e0 une planification participative et inclusive et \u00e0 la formation de comit\u00e9s communautaires actifs et de groupes d\u2019utilisateurs d\u2019eau. Les piliers de ces groupes sont principalement des femmes et des jeunes. Un syst\u00e8me de notification par t\u00e9l\u00e9phone cellulaire a \u00e9galement \u00e9t\u00e9 mis en place comme moyen de pr\u00e9vention interne. De plus, Nuariki a insist\u00e9 sur l\u2019importance de faire cro\u00eetre le programme en sollicitant des autorit\u00e9s locales un soutien technique et financier.\u00a0\u00a0<\/span><\/p><p>\u00a0<\/p><p><b>Les Mariannes, \u00eeles \u00e0 la voix de femme<\/b><\/p><p><span style=\"font-weight: 400;\">A \u00e9galement particip\u00e9 \u00e0 cette m\u00eame s\u00e9ance de la Conf\u00e9rence Mo\u00f1eka De Oro, Femme autochtone chamoru de l\u2019organisation <\/span><i><span style=\"font-weight: 400;\">Micronesian Climate Change Alliance,<\/span><\/i><span style=\"font-weight: 400;\"> des \u00eeles Mariannes. De Oro a soulign\u00e9 le travail des Femmes autochtones dans la lutte contre les effets des changements climatiques, un effort n\u00e9 de la base qui a su se rendre jusqu\u2019aux plus hauts niveaux de prise de d\u00e9cisions. \u00ab\u00a0Les femmes font toujours des sacrifices pour le bien-\u00eatre de la communaut\u00e9\u00a0\u00bb, a d\u00e9clar\u00e9 De Oro avant de raconter une l\u00e9gende de sa communaut\u00e9 selon laquelle des femmes se coupaient les cheveux pour chasser ensemble un monstre, \u00ab\u00a0un exemple ancestral de participation et d\u2019union en r\u00e9seau\u00a0\u00bb.\u00a0<\/span><\/p><p><span style=\"font-weight: 400;\">Les \u00eeles Mariannes sont un archipel volcanique de l\u2019oc\u00e9an Pacifique. Comme elles appartiennent politiquement aux \u00c9tats-Unis, la population doit subir la militarisation de leur territoire. De Oro s\u2019est montr\u00e9e tr\u00e8s critique de la pr\u00e9sence de l\u2019arm\u00e9e et du tourisme de masse, car les deux ph\u00e9nom\u00e8nes suivent une \u00ab\u00a0logique extractiviste\u00a0\u00bb qui affecte le paysage et les ressources naturelles et \u00e9conomiques. Elle consid\u00e8re n\u00e9cessaire de g\u00e9n\u00e9rer une \u00e9conomie r\u00e9g\u00e9n\u00e9rative et circulaire, au service de la vie et de la justice, qui valorise la Terre M\u00e8re et la dignit\u00e9 humaine. Elle milite de plus pour un gouvernement inclusif et participatif adoptant des approches antiracistes et f\u00e9ministes et \u0153uvrant de concert avec la communaut\u00e9.\u00a0<\/span><\/p><p><span style=\"font-weight: 400;\">Mo\u00f1eka De Oro, qui a \u00e9t\u00e9 s\u00e9lectionn\u00e9e par le D\u00e9partement d\u2019\u00c9tat des \u00c9tats-Unis comme jeune leader du Pacifique en\u00a02019, a soulign\u00e9 l\u2019importance de la participation des jeunes au travail communautaire pour faire face aux changements climatiques, car \u00ab\u00a0les jeunes savent qu\u2019ils peuvent vraiment contribuer\u00a0\u00bb. L\u2019organisation \u00e0 laquelle elle participe met en \u0153uvre des programmes qui visent le renforcement du pouvoir \u00e9conomique des Femmes autochtones \u00e0 travers la formation, le travail du verre, et l\u2019\u00e9laboration de livres de cuisine traditionnelle. Cela a men\u00e9 \u00e0 une participation politique accrue des Femmes autochtones, qui peuvent ainsi \u00e9lever leurs voix pour promouvoir la souverainet\u00e9 alimentaire et d\u2019autres droits.<\/span><\/p><p>\u00a0<\/p><p><b>Un chemin \u00e0 parcourir<\/b><\/p><p><span style=\"font-weight: 400;\">Les repr\u00e9sentantes des \u00eeles Kiribati et des \u00eeles Mariannes ont convenu de l\u2019importance de disposer de ressources techniques et financi\u00e8res pour mettre en place des m\u00e9canismes d\u2019alerte pr\u00e9coce en cas d\u2019une soudaine mont\u00e9e des eaux. Elles ont \u00e9galement soulign\u00e9 l\u2019importance de continuer \u00e0 s\u2019appuyer sur les outils locaux et leurs connaissances ancestrales, et \u00e0 \u00e9tendre et renforcer les r\u00e9seaux de coordination. <\/span><\/p>\t\t\t\t\t\t\t\t<\/div>\n\t\t\t\t<\/div>\n\t\t\t\t\t<\/div>\n\t\t<\/div>\n\t\t\t\t\t<\/div>\n\t\t<\/section>\n\t\t\t\t<\/div>\n\t\t","protected":false},"excerpt":{"rendered":"<p>Les Femmes autochtones qui maintiennent \u00e0 flot les \u00eeles du Pacifique Sud Les communaut\u00e9s autochtones de Kiribati, un pays situ\u00e9 entre l\u2019Australie et Hawa\u00ef, savent que le changement climatique est une r\u00e9alit\u00e9. Il y a d\u00e9j\u00e0 trois d\u00e9cennies d\u00e9j\u00e0 que les Nations Unies avaient averti que ce serait le premier pays \u00e0 \u00eatre englouti par [&hellip;]<\/p>\n","protected":false},"author":3,"featured_media":0,"parent":0,"menu_order":0,"comment_status":"closed","ping_status":"closed","template":"elementor_canvas","meta":{"inline_featured_image":false,"sync_status":"","episode_type":"","audio_file":"","castos_file_data":"","podmotor_file_id":"","cover_image":"","cover_image_id":"","duration":"","filesize":"","filesize_raw":"","date_recorded":"","explicit":"","block":"","itunes_episode_number":"","itunes_title":"","itunes_season_number":"","itunes_episode_type":"","footnotes":""},"class_list":["post-4317","page","type-page","status-publish","hentry"],"_links":{"self":[{"href":"https:\/\/worldconferenceiw.org\/fr\/wp-json\/wp\/v2\/pages\/4317","targetHints":{"allow":["GET"]}}],"collection":[{"href":"https:\/\/worldconferenceiw.org\/fr\/wp-json\/wp\/v2\/pages"}],"about":[{"href":"https:\/\/worldconferenceiw.org\/fr\/wp-json\/wp\/v2\/types\/page"}],"author":[{"embeddable":true,"href":"https:\/\/worldconferenceiw.org\/fr\/wp-json\/wp\/v2\/users\/3"}],"replies":[{"embeddable":true,"href":"https:\/\/worldconferenceiw.org\/fr\/wp-json\/wp\/v2\/comments?post=4317"}],"version-history":[{"count":4,"href":"https:\/\/worldconferenceiw.org\/fr\/wp-json\/wp\/v2\/pages\/4317\/revisions"}],"predecessor-version":[{"id":4321,"href":"https:\/\/worldconferenceiw.org\/fr\/wp-json\/wp\/v2\/pages\/4317\/revisions\/4321"}],"wp:attachment":[{"href":"https:\/\/worldconferenceiw.org\/fr\/wp-json\/wp\/v2\/media?parent=4317"}],"curies":[{"name":"wp","href":"https:\/\/api.w.org\/{rel}","templated":true}]}}